{"id":918,"date":"2018-02-19T09:43:50","date_gmt":"2018-02-19T08:43:50","guid":{"rendered":"http:\/\/zerog.physik.uni-greifswald.de\/?page_id=918"},"modified":"2023-05-03T16:21:59","modified_gmt":"2023-05-03T14:21:59","slug":"harald","status":"publish","type":"page","link":"https:\/\/zerog.physik.uni-greifswald.de\/?page_id=918","title":{"rendered":"Dr. Harald Kr\u00fcger"},"content":{"rendered":"\n<p>Harald war Doktorand in unserer Arbeitsgruppe und hat von 2018 bis 2021 vor Ort die Kampagnen unterst\u00fctzt. Vor allem bei s\u00e4mtlichen logistischen Fragestellungen (von &#8222;Wie kommt das Experiment auf den LKW?&#8220; bis &#8222;Wie kommt der Staub in die Dispenser?&#8220;) hat er sich zum reinsten Experten entwickelt.<\/p>\n\n\n\n<p>Wir w\u00fcnschen ihm alles Gute f\u00fcr seinen zuk\u00fcnftigen Lebensweg und hoffen, auch weiterhin in Kontakt zu bleiben!<\/p>\n","protected":false},"excerpt":{"rendered":"<p>Harald war Doktorand in unserer Arbeitsgruppe und hat von 2018 bis 2021 vor Ort die Kampagnen unterst\u00fctzt. Vor allem bei s\u00e4mtlichen logistischen Fragestellungen (von &#8222;Wie kommt das Experiment auf den LKW?&#8220; bis &#8222;Wie kommt der Staub in die Dispenser?&#8220;) hat er sich zum reinsten Experten entwickelt. Wir w\u00fcnschen ihm alles Gute f\u00fcr seinen zuk\u00fcnftigen Lebensweg &hellip; <a href=\"https:\/\/zerog.physik.uni-greifswald.de\/?page_id=918\" class=\"more-link\"><span class=\"screen-reader-text\">Dr. Harald Kr\u00fcger<\/span> weiterlesen <span class=\"meta-nav\">&rarr;<\/span><\/a><\/p>\n","protected":false},"author":1,"featured_media":1086,"parent":18,"menu_order":0,"comment_status":"closed","ping_status":"closed","template":"","meta":{"footnotes":""},"class_list":["post-918","page","type-page","status-publish","has-post-thumbnail","hentry"],"_links":{"self":[{"href":"https:\/\/zerog.physik.uni-greifswald.de\/index.php?rest_route=\/wp\/v2\/pages\/918","targetHints":{"allow":["GET"]}}],"collection":[{"href":"https:\/\/zerog.physik.uni-greifswald.de\/index.php?rest_route=\/wp\/v2\/pages"}],"about":[{"href":"https:\/\/zerog.physik.uni-greifswald.de\/index.php?rest_route=\/wp\/v2\/types\/page"}],"author":[{"embeddable":true,"href":"https:\/\/zerog.physik.uni-greifswald.de\/index.php?rest_route=\/wp\/v2\/users\/1"}],"replies":[{"embeddable":true,"href":"https:\/\/zerog.physik.uni-greifswald.de\/index.php?rest_route=%2Fwp%2Fv2%2Fcomments&post=918"}],"version-history":[{"count":7,"href":"https:\/\/zerog.physik.uni-greifswald.de\/index.php?rest_route=\/wp\/v2\/pages\/918\/revisions"}],"predecessor-version":[{"id":1640,"href":"https:\/\/zerog.physik.uni-greifswald.de\/index.php?rest_route=\/wp\/v2\/pages\/918\/revisions\/1640"}],"up":[{"embeddable":true,"href":"https:\/\/zerog.physik.uni-greifswald.de\/index.php?rest_route=\/wp\/v2\/pages\/18"}],"wp:featuredmedia":[{"embeddable":true,"href":"https:\/\/zerog.physik.uni-greifswald.de\/index.php?rest_route=\/wp\/v2\/media\/1086"}],"wp:attachment":[{"href":"https:\/\/zerog.physik.uni-greifswald.de\/index.php?rest_route=%2Fwp%2Fv2%2Fmedia&parent=918"}],"curies":[{"name":"wp","href":"https:\/\/api.w.org\/{rel}","templated":true}]}}