{"id":814,"date":"2017-09-15T17:16:30","date_gmt":"2017-09-15T15:16:30","guid":{"rendered":"http:\/\/zerog.physik.uni-greifswald.de\/?page_id=814"},"modified":"2026-03-30T16:30:32","modified_gmt":"2026-03-30T14:30:32","slug":"geschichte-des-parabelflugexperimentes","status":"publish","type":"page","link":"https:\/\/zerog.physik.uni-greifswald.de\/?page_id=814","title":{"rendered":"Geschichte unserer Parabelfl\u00fcge"},"content":{"rendered":"\n<p>Unser Parabelflugabenteuer startete im Jahr 2001 mit einer Beteiligung der Uni Kiel an einer Parabelflugkampagne des Max-Planck-Instituts f\u00fcr Extraterrestrische Physik Garching (AG Morfill). Die Kieler Gruppe um Prof. Piel entwickelte damals eine Langmuirsondendiagnostik, die am garchinger Parabelflugexperiment eingesetzt wurde. Unsere ersten Parabonauten waren Markus Klindworth und Andr\u00e9 Melzer (damals noch in Kiel).<\/p>\n\n\n\n<figure data-wp-context=\"{&quot;imageId&quot;:&quot;69dff8859a8b8&quot;}\" data-wp-interactive=\"core\/image\" data-wp-key=\"69dff8859a8b8\" class=\"wp-block-image size-large wp-lightbox-container\"><img loading=\"lazy\" decoding=\"async\" width=\"800\" height=\"647\" data-wp-class--hide=\"state.isContentHidden\" data-wp-class--show=\"state.isContentVisible\" data-wp-init=\"callbacks.setButtonStyles\" data-wp-on--click=\"actions.showLightbox\" data-wp-on--load=\"callbacks.setButtonStyles\" data-wp-on-window--resize=\"callbacks.setButtonStyles\" src=\"https:\/\/zerog.physik.uni-greifswald.de\/wp-content\/uploads\/2025\/11\/F1000012-e1762170524269-800x647.jpg\" alt=\"\" class=\"wp-image-2353\" srcset=\"https:\/\/zerog.physik.uni-greifswald.de\/wp-content\/uploads\/2025\/11\/F1000012-e1762170524269-800x647.jpg 800w, https:\/\/zerog.physik.uni-greifswald.de\/wp-content\/uploads\/2025\/11\/F1000012-e1762170524269-300x243.jpg 300w, https:\/\/zerog.physik.uni-greifswald.de\/wp-content\/uploads\/2025\/11\/F1000012-e1762170524269-768x621.jpg 768w, https:\/\/zerog.physik.uni-greifswald.de\/wp-content\/uploads\/2025\/11\/F1000012-e1762170524269.jpg 1475w\" sizes=\"auto, (max-width: 800px) 100vw, 800px\" \/><button\n\t\t\tclass=\"lightbox-trigger\"\n\t\t\ttype=\"button\"\n\t\t\taria-haspopup=\"dialog\"\n\t\t\taria-label=\"Vergr\u00f6\u00dfern\"\n\t\t\tdata-wp-init=\"callbacks.initTriggerButton\"\n\t\t\tdata-wp-on--click=\"actions.showLightbox\"\n\t\t\tdata-wp-style--right=\"state.imageButtonRight\"\n\t\t\tdata-wp-style--top=\"state.imageButtonTop\"\n\t\t>\n\t\t\t<svg xmlns=\"http:\/\/www.w3.org\/2000\/svg\" width=\"12\" height=\"12\" fill=\"none\" viewBox=\"0 0 12 12\">\n\t\t\t\t<path fill=\"#fff\" d=\"M2 0a2 2 0 0 0-2 2v2h1.5V2a.5.5 0 0 1 .5-.5h2V0H2Zm2 10.5H2a.5.5 0 0 1-.5-.5V8H0v2a2 2 0 0 0 2 2h2v-1.5ZM8 12v-1.5h2a.5.5 0 0 0 .5-.5V8H12v2a2 2 0 0 1-2 2H8Zm2-12a2 2 0 0 1 2 2v2h-1.5V2a.5.5 0 0 0-.5-.5H8V0h2Z\" \/>\n\t\t\t<\/svg>\n\t\t<\/button><figcaption class=\"wp-element-caption\">Das Garchinger Experiment. Auch schon dabei: Flat Eric<\/figcaption><\/figure>\n\n\n\n<p>Nach den positiven Erfahrungen dieser ersten Kampagne wurde ab dem Jahr 2003 dann in Kiel ein eigenst\u00e4ndiges Parabelflugexperiment aufgebaut und betrieben. Ab 2005 beteiligte sich Andr\u00e9 &#8211; nunmehr in Greifswald &#8211; mit seiner Arbeitsgruppe wieder an den Kieler Experimenten. \u00dcber die Jahre wurden dann mehr als 10 gemeinsame Parabelflugkampagnen der Kieler und Greifswalder Arbeitsgruppen in Bordeaux und K\u00f6ln durchgef\u00fchrt.<\/p>\n\n\n\n<p>Der Aufbau wurde mitunter immer umfangreicher &#8211; zus\u00e4tzliche Diagnostiken, Kameras, Computer etc. wollten untergebracht werden. So wuchs das urspr\u00fcnglich als zwei Racks ausgelegte Experiment auf drei Racks an und es wurden f\u00fcnf Experimentatoren zur Bedienung ben\u00f6tigt.<\/p>\n\n\n\n<figure data-wp-context=\"{&quot;imageId&quot;:&quot;69dff8859b06c&quot;}\" data-wp-interactive=\"core\/image\" data-wp-key=\"69dff8859b06c\" class=\"wp-block-image size-large wp-lightbox-container\"><img loading=\"lazy\" decoding=\"async\" width=\"800\" height=\"600\" data-wp-class--hide=\"state.isContentHidden\" data-wp-class--show=\"state.isContentVisible\" data-wp-init=\"callbacks.setButtonStyles\" data-wp-on--click=\"actions.showLightbox\" data-wp-on--load=\"callbacks.setButtonStyles\" data-wp-on-window--resize=\"callbacks.setButtonStyles\" src=\"https:\/\/zerog.physik.uni-greifswald.de\/wp-content\/uploads\/2023\/06\/100_0767-800x600.jpg\" alt=\"\" class=\"wp-image-1877\" srcset=\"https:\/\/zerog.physik.uni-greifswald.de\/wp-content\/uploads\/2023\/06\/100_0767-800x600.jpg 800w, https:\/\/zerog.physik.uni-greifswald.de\/wp-content\/uploads\/2023\/06\/100_0767-300x225.jpg 300w, https:\/\/zerog.physik.uni-greifswald.de\/wp-content\/uploads\/2023\/06\/100_0767-768x576.jpg 768w, https:\/\/zerog.physik.uni-greifswald.de\/wp-content\/uploads\/2023\/06\/100_0767-1536x1152.jpg 1536w, https:\/\/zerog.physik.uni-greifswald.de\/wp-content\/uploads\/2023\/06\/100_0767-2048x1536.jpg 2048w\" sizes=\"auto, (max-width: 800px) 100vw, 800px\" \/><button\n\t\t\tclass=\"lightbox-trigger\"\n\t\t\ttype=\"button\"\n\t\t\taria-haspopup=\"dialog\"\n\t\t\taria-label=\"Vergr\u00f6\u00dfern\"\n\t\t\tdata-wp-init=\"callbacks.initTriggerButton\"\n\t\t\tdata-wp-on--click=\"actions.showLightbox\"\n\t\t\tdata-wp-style--right=\"state.imageButtonRight\"\n\t\t\tdata-wp-style--top=\"state.imageButtonTop\"\n\t\t>\n\t\t\t<svg xmlns=\"http:\/\/www.w3.org\/2000\/svg\" width=\"12\" height=\"12\" fill=\"none\" viewBox=\"0 0 12 12\">\n\t\t\t\t<path fill=\"#fff\" d=\"M2 0a2 2 0 0 0-2 2v2h1.5V2a.5.5 0 0 1 .5-.5h2V0H2Zm2 10.5H2a.5.5 0 0 1-.5-.5V8H0v2a2 2 0 0 0 2 2h2v-1.5ZM8 12v-1.5h2a.5.5 0 0 0 .5-.5V8H12v2a2 2 0 0 1-2 2H8Zm2-12a2 2 0 0 1 2 2v2h-1.5V2a.5.5 0 0 0-.5-.5H8V0h2Z\" \/>\n\t\t\t<\/svg>\n\t\t<\/button><figcaption class=\"wp-element-caption\">Letzte Ausbaustufe des ersten Kieler Experiments mit drei Racks<\/figcaption><\/figure>\n\n\n\n<p>Um den Aufwand der Verkabelung der Racks untereinander zu reduzieren, wurde schlie\u00dflich ein neuer Experimentaufbau konzipiert, der wieder nur noch aus zwei Racks bestand. Es wurden quasi zwei der alten Racks zu einem neuen Monster-Rack zusammengefasst. Dieses hatte folglich eine stattliche Gr\u00f6\u00dfe sowie eine Masse von ca. 600 kg.<\/p>\n\n\n\n<figure data-wp-context=\"{&quot;imageId&quot;:&quot;69dff8859b6c4&quot;}\" data-wp-interactive=\"core\/image\" data-wp-key=\"69dff8859b6c4\" class=\"wp-block-image size-large wp-lightbox-container\"><img loading=\"lazy\" decoding=\"async\" width=\"800\" height=\"531\" data-wp-class--hide=\"state.isContentHidden\" data-wp-class--show=\"state.isContentVisible\" data-wp-init=\"callbacks.setButtonStyles\" data-wp-on--click=\"actions.showLightbox\" data-wp-on--load=\"callbacks.setButtonStyles\" data-wp-on-window--resize=\"callbacks.setButtonStyles\" src=\"https:\/\/zerog.physik.uni-greifswald.de\/wp-content\/uploads\/2023\/06\/grossesrack_pfc13_bearb-800x531.jpg\" alt=\"\" class=\"wp-image-1891\" srcset=\"https:\/\/zerog.physik.uni-greifswald.de\/wp-content\/uploads\/2023\/06\/grossesrack_pfc13_bearb-800x531.jpg 800w, https:\/\/zerog.physik.uni-greifswald.de\/wp-content\/uploads\/2023\/06\/grossesrack_pfc13_bearb-300x199.jpg 300w, https:\/\/zerog.physik.uni-greifswald.de\/wp-content\/uploads\/2023\/06\/grossesrack_pfc13_bearb-768x510.jpg 768w, https:\/\/zerog.physik.uni-greifswald.de\/wp-content\/uploads\/2023\/06\/grossesrack_pfc13_bearb-1536x1020.jpg 1536w, https:\/\/zerog.physik.uni-greifswald.de\/wp-content\/uploads\/2023\/06\/grossesrack_pfc13_bearb-2048x1360.jpg 2048w\" sizes=\"auto, (max-width: 800px) 100vw, 800px\" \/><button\n\t\t\tclass=\"lightbox-trigger\"\n\t\t\ttype=\"button\"\n\t\t\taria-haspopup=\"dialog\"\n\t\t\taria-label=\"Vergr\u00f6\u00dfern\"\n\t\t\tdata-wp-init=\"callbacks.initTriggerButton\"\n\t\t\tdata-wp-on--click=\"actions.showLightbox\"\n\t\t\tdata-wp-style--right=\"state.imageButtonRight\"\n\t\t\tdata-wp-style--top=\"state.imageButtonTop\"\n\t\t>\n\t\t\t<svg xmlns=\"http:\/\/www.w3.org\/2000\/svg\" width=\"12\" height=\"12\" fill=\"none\" viewBox=\"0 0 12 12\">\n\t\t\t\t<path fill=\"#fff\" d=\"M2 0a2 2 0 0 0-2 2v2h1.5V2a.5.5 0 0 1 .5-.5h2V0H2Zm2 10.5H2a.5.5 0 0 1-.5-.5V8H0v2a2 2 0 0 0 2 2h2v-1.5ZM8 12v-1.5h2a.5.5 0 0 0 .5-.5V8H12v2a2 2 0 0 1-2 2H8Zm2-12a2 2 0 0 1 2 2v2h-1.5V2a.5.5 0 0 0-.5-.5H8V0h2Z\" \/>\n\t\t\t<\/svg>\n\t\t<\/button><figcaption class=\"wp-element-caption\">Das gro\u00dfe Rack, wie es 2013 geflogen wurde<\/figcaption><\/figure>\n\n\n\n<figure data-wp-context=\"{&quot;imageId&quot;:&quot;69dff8859bcb3&quot;}\" data-wp-interactive=\"core\/image\" data-wp-key=\"69dff8859bcb3\" class=\"wp-block-image size-large wp-lightbox-container\"><img loading=\"lazy\" decoding=\"async\" width=\"800\" height=\"600\" data-wp-class--hide=\"state.isContentHidden\" data-wp-class--show=\"state.isContentVisible\" data-wp-init=\"callbacks.setButtonStyles\" data-wp-on--click=\"actions.showLightbox\" data-wp-on--load=\"callbacks.setButtonStyles\" data-wp-on-window--resize=\"callbacks.setButtonStyles\" src=\"https:\/\/zerog.physik.uni-greifswald.de\/wp-content\/uploads\/2023\/06\/experiment_pfc11-800x600.jpg\" alt=\"\" class=\"wp-image-1892\" srcset=\"https:\/\/zerog.physik.uni-greifswald.de\/wp-content\/uploads\/2023\/06\/experiment_pfc11-800x600.jpg 800w, https:\/\/zerog.physik.uni-greifswald.de\/wp-content\/uploads\/2023\/06\/experiment_pfc11-300x225.jpg 300w, https:\/\/zerog.physik.uni-greifswald.de\/wp-content\/uploads\/2023\/06\/experiment_pfc11-768x576.jpg 768w, https:\/\/zerog.physik.uni-greifswald.de\/wp-content\/uploads\/2023\/06\/experiment_pfc11-1536x1152.jpg 1536w, https:\/\/zerog.physik.uni-greifswald.de\/wp-content\/uploads\/2023\/06\/experiment_pfc11-2048x1536.jpg 2048w\" sizes=\"auto, (max-width: 800px) 100vw, 800px\" \/><button\n\t\t\tclass=\"lightbox-trigger\"\n\t\t\ttype=\"button\"\n\t\t\taria-haspopup=\"dialog\"\n\t\t\taria-label=\"Vergr\u00f6\u00dfern\"\n\t\t\tdata-wp-init=\"callbacks.initTriggerButton\"\n\t\t\tdata-wp-on--click=\"actions.showLightbox\"\n\t\t\tdata-wp-style--right=\"state.imageButtonRight\"\n\t\t\tdata-wp-style--top=\"state.imageButtonTop\"\n\t\t>\n\t\t\t<svg xmlns=\"http:\/\/www.w3.org\/2000\/svg\" width=\"12\" height=\"12\" fill=\"none\" viewBox=\"0 0 12 12\">\n\t\t\t\t<path fill=\"#fff\" d=\"M2 0a2 2 0 0 0-2 2v2h1.5V2a.5.5 0 0 1 .5-.5h2V0H2Zm2 10.5H2a.5.5 0 0 1-.5-.5V8H0v2a2 2 0 0 0 2 2h2v-1.5ZM8 12v-1.5h2a.5.5 0 0 0 .5-.5V8H12v2a2 2 0 0 1-2 2H8Zm2-12a2 2 0 0 1 2 2v2h-1.5V2a.5.5 0 0 0-.5-.5H8V0h2Z\" \/>\n\t\t\t<\/svg>\n\t\t<\/button><figcaption class=\"wp-element-caption\">Beide Racks 2011 vor Ort bei Novespace<\/figcaption><\/figure>\n\n\n\n<p>Zur Kampagne 2015 wurde der bis dahin verwendete Airbus A300 durch den heutigen A310 ersetzt. Damit einher ging eine Beschr\u00e4nkung der maximalen Masse eines Racks &#8211; und dazu passte unser Experiment so gar nicht. Zur PFC 2015 wurde also erneut ein neues Experiment aufgebaut &#8211; diesmal wieder mit drei kleineren Racks. Mit dem nahenden Dienstende von Prof. Piel in Kiel wurde in diesem Zuge auch alles darauf vorbereitet, dass die Experimente durch die Greifswalder in Eigenregie fortgesetzt werden k\u00f6nnen. Dazu wurde das neue Experiment &#8211; neben dem nun wieder einfacheren Handling der kleineren Racks &#8211; darauf ausgelegt, mit nur noch drei Personen bedienbar zu sein.<\/p>\n\n\n\n<p>Dieses Experiment flog dann 2015 noch ein letztes Mal von Kiel aus. 2016 wurde es nach Greifswald verbracht und kam 2017 erstmalig von dort aus bei einer Kampagne zum Einsatz.<\/p>\n\n\n\n<p>Im Jahr 2022 schloss sich der Kreis wieder ein St\u00fcck. Denn seitdem arbeiten Christina und Daniel (II) in unserer Arbeitsgruppe, die zuvor beim DLR und wiederum davor am Max-Planck-Institut in Garching t\u00e4tig waren. Im Gep\u00e4ck hatten sie unter anderem ein Parabelflugexperiment, sodass wir nun sogar \u00fcber zwei Aufbauten verf\u00fcgen.<\/p>\n","protected":false},"excerpt":{"rendered":"<p>Unser Parabelflugabenteuer startete im Jahr 2001 mit einer Beteiligung der Uni Kiel an einer Parabelflugkampagne des Max-Planck-Instituts f\u00fcr Extraterrestrische Physik Garching (AG Morfill). Die Kieler Gruppe um Prof. Piel entwickelte damals eine Langmuirsondendiagnostik, die am garchinger Parabelflugexperiment eingesetzt wurde. Unsere ersten Parabonauten waren Markus Klindworth und Andr\u00e9 Melzer (damals noch in Kiel). Nach den positiven &hellip; <a href=\"https:\/\/zerog.physik.uni-greifswald.de\/?page_id=814\" class=\"more-link\"><span class=\"screen-reader-text\">Geschichte unserer Parabelfl\u00fcge<\/span> weiterlesen <span class=\"meta-nav\">&rarr;<\/span><\/a><\/p>\n","protected":false},"author":1,"featured_media":0,"parent":413,"menu_order":3,"comment_status":"closed","ping_status":"closed","template":"","meta":{"footnotes":""},"class_list":["post-814","page","type-page","status-publish","hentry"],"_links":{"self":[{"href":"https:\/\/zerog.physik.uni-greifswald.de\/index.php?rest_route=\/wp\/v2\/pages\/814","targetHints":{"allow":["GET"]}}],"collection":[{"href":"https:\/\/zerog.physik.uni-greifswald.de\/index.php?rest_route=\/wp\/v2\/pages"}],"about":[{"href":"https:\/\/zerog.physik.uni-greifswald.de\/index.php?rest_route=\/wp\/v2\/types\/page"}],"author":[{"embeddable":true,"href":"https:\/\/zerog.physik.uni-greifswald.de\/index.php?rest_route=\/wp\/v2\/users\/1"}],"replies":[{"embeddable":true,"href":"https:\/\/zerog.physik.uni-greifswald.de\/index.php?rest_route=%2Fwp%2Fv2%2Fcomments&post=814"}],"version-history":[{"count":17,"href":"https:\/\/zerog.physik.uni-greifswald.de\/index.php?rest_route=\/wp\/v2\/pages\/814\/revisions"}],"predecessor-version":[{"id":2472,"href":"https:\/\/zerog.physik.uni-greifswald.de\/index.php?rest_route=\/wp\/v2\/pages\/814\/revisions\/2472"}],"up":[{"embeddable":true,"href":"https:\/\/zerog.physik.uni-greifswald.de\/index.php?rest_route=\/wp\/v2\/pages\/413"}],"wp:attachment":[{"href":"https:\/\/zerog.physik.uni-greifswald.de\/index.php?rest_route=%2Fwp%2Fv2%2Fmedia&parent=814"}],"curies":[{"name":"wp","href":"https:\/\/api.w.org\/{rel}","templated":true}]}}