{"id":51,"date":"2016-06-03T09:14:12","date_gmt":"2016-06-03T07:14:12","guid":{"rendered":"http:\/\/zerog.physik.uni-greifswald.de\/?page_id=51"},"modified":"2023-05-03T16:21:25","modified_gmt":"2023-05-03T14:21:25","slug":"carsten","status":"publish","type":"page","link":"https:\/\/zerog.physik.uni-greifswald.de\/?page_id=51","title":{"rendered":"Dr. Carsten Killer"},"content":{"rendered":"\n<p>Carsten hat von 2012 bis 2015 drei Mal teilgenommen. Er k\u00fcmmerte sich insbesondere um den Staub und die Laser, die f\u00fcr dessen Beleuchtung notwendig sind. Um ein m\u00f6glichst exaktes Verh\u00e4ltnis von fluoreszierendem zu normalem Staub herzustellen, hat er eine extra Ausbildung bei Kollegen am Institut genossen und durfte danach eine hochpr\u00e4zise Waage nutzen. Eine solche Waage wird schon vom kleinsten Luftzug im Raum beeinflusst, sodass er sehr lange die Luft anhalten musste und durch dieses Training nach seiner Promotion vielleicht doch noch Perlentaucher werden k\u00f6nnte.<\/p>\n","protected":false},"excerpt":{"rendered":"<p>Carsten hat von 2012 bis 2015 drei Mal teilgenommen. Er k\u00fcmmerte sich insbesondere um den Staub und die Laser, die f\u00fcr dessen Beleuchtung notwendig sind. Um ein m\u00f6glichst exaktes Verh\u00e4ltnis von fluoreszierendem zu normalem Staub herzustellen, hat er eine extra Ausbildung bei Kollegen am Institut genossen und durfte danach eine hochpr\u00e4zise Waage nutzen. Eine solche &hellip; <a href=\"https:\/\/zerog.physik.uni-greifswald.de\/?page_id=51\" class=\"more-link\"><span class=\"screen-reader-text\">Dr. Carsten Killer<\/span> weiterlesen <span class=\"meta-nav\">&rarr;<\/span><\/a><\/p>\n","protected":false},"author":1,"featured_media":85,"parent":18,"menu_order":0,"comment_status":"closed","ping_status":"closed","template":"","meta":{"footnotes":""},"class_list":["post-51","page","type-page","status-publish","has-post-thumbnail","hentry"],"_links":{"self":[{"href":"https:\/\/zerog.physik.uni-greifswald.de\/index.php?rest_route=\/wp\/v2\/pages\/51","targetHints":{"allow":["GET"]}}],"collection":[{"href":"https:\/\/zerog.physik.uni-greifswald.de\/index.php?rest_route=\/wp\/v2\/pages"}],"about":[{"href":"https:\/\/zerog.physik.uni-greifswald.de\/index.php?rest_route=\/wp\/v2\/types\/page"}],"author":[{"embeddable":true,"href":"https:\/\/zerog.physik.uni-greifswald.de\/index.php?rest_route=\/wp\/v2\/users\/1"}],"replies":[{"embeddable":true,"href":"https:\/\/zerog.physik.uni-greifswald.de\/index.php?rest_route=%2Fwp%2Fv2%2Fcomments&post=51"}],"version-history":[{"count":5,"href":"https:\/\/zerog.physik.uni-greifswald.de\/index.php?rest_route=\/wp\/v2\/pages\/51\/revisions"}],"predecessor-version":[{"id":1638,"href":"https:\/\/zerog.physik.uni-greifswald.de\/index.php?rest_route=\/wp\/v2\/pages\/51\/revisions\/1638"}],"up":[{"embeddable":true,"href":"https:\/\/zerog.physik.uni-greifswald.de\/index.php?rest_route=\/wp\/v2\/pages\/18"}],"wp:featuredmedia":[{"embeddable":true,"href":"https:\/\/zerog.physik.uni-greifswald.de\/index.php?rest_route=\/wp\/v2\/media\/85"}],"wp:attachment":[{"href":"https:\/\/zerog.physik.uni-greifswald.de\/index.php?rest_route=%2Fwp%2Fv2%2Fmedia&parent=51"}],"curies":[{"name":"wp","href":"https:\/\/api.w.org\/{rel}","templated":true}]}}