{"id":48,"date":"2016-06-03T08:50:02","date_gmt":"2016-06-03T06:50:02","guid":{"rendered":"http:\/\/zerog.physik.uni-greifswald.de\/?page_id=48"},"modified":"2023-05-22T13:40:14","modified_gmt":"2023-05-22T11:40:14","slug":"kristoffer-o-menzel","status":"publish","type":"page","link":"https:\/\/zerog.physik.uni-greifswald.de\/?page_id=48","title":{"rendered":"Dr. Kristoffer Ole Menzel"},"content":{"rendered":"\n<p>Krissi wird uns alle in Erinnerung bleiben. Im aktiven Dienst war er vornehmlich f\u00fcr die PR und leitende Aufgaben (EPC) zust\u00e4ndig. Sein Wissen \u00fcber zeitgen\u00f6ssischen Sprechgesang und die Erinnerung an seine Scopolaminexzesse wird noch lange nachwirken. Wir halten dein Andenken in Ehren, Dr. Fat L.!<\/p>\n","protected":false},"excerpt":{"rendered":"<p>Krissi wird uns alle in Erinnerung bleiben. Im aktiven Dienst war er vornehmlich f\u00fcr die PR und leitende Aufgaben (EPC) zust\u00e4ndig. Sein Wissen \u00fcber zeitgen\u00f6ssischen Sprechgesang und die Erinnerung an seine Scopolaminexzesse wird noch lange nachwirken. Wir halten dein Andenken in Ehren, Dr. Fat L.!<\/p>\n","protected":false},"author":1,"featured_media":80,"parent":18,"menu_order":0,"comment_status":"closed","ping_status":"closed","template":"","meta":{"footnotes":""},"class_list":["post-48","page","type-page","status-publish","has-post-thumbnail","hentry"],"_links":{"self":[{"href":"https:\/\/zerog.physik.uni-greifswald.de\/index.php?rest_route=\/wp\/v2\/pages\/48","targetHints":{"allow":["GET"]}}],"collection":[{"href":"https:\/\/zerog.physik.uni-greifswald.de\/index.php?rest_route=\/wp\/v2\/pages"}],"about":[{"href":"https:\/\/zerog.physik.uni-greifswald.de\/index.php?rest_route=\/wp\/v2\/types\/page"}],"author":[{"embeddable":true,"href":"https:\/\/zerog.physik.uni-greifswald.de\/index.php?rest_route=\/wp\/v2\/users\/1"}],"replies":[{"embeddable":true,"href":"https:\/\/zerog.physik.uni-greifswald.de\/index.php?rest_route=%2Fwp%2Fv2%2Fcomments&post=48"}],"version-history":[{"count":4,"href":"https:\/\/zerog.physik.uni-greifswald.de\/index.php?rest_route=\/wp\/v2\/pages\/48\/revisions"}],"predecessor-version":[{"id":1835,"href":"https:\/\/zerog.physik.uni-greifswald.de\/index.php?rest_route=\/wp\/v2\/pages\/48\/revisions\/1835"}],"up":[{"embeddable":true,"href":"https:\/\/zerog.physik.uni-greifswald.de\/index.php?rest_route=\/wp\/v2\/pages\/18"}],"wp:featuredmedia":[{"embeddable":true,"href":"https:\/\/zerog.physik.uni-greifswald.de\/index.php?rest_route=\/wp\/v2\/media\/80"}],"wp:attachment":[{"href":"https:\/\/zerog.physik.uni-greifswald.de\/index.php?rest_route=%2Fwp%2Fv2%2Fmedia&parent=48"}],"curies":[{"name":"wp","href":"https:\/\/api.w.org\/{rel}","templated":true}]}}