{"id":46,"date":"2016-06-03T08:48:46","date_gmt":"2016-06-03T06:48:46","guid":{"rendered":"http:\/\/zerog.physik.uni-greifswald.de\/?page_id=46"},"modified":"2023-05-03T16:21:43","modified_gmt":"2023-05-03T14:21:43","slug":"oliver-arp","status":"publish","type":"page","link":"https:\/\/zerog.physik.uni-greifswald.de\/?page_id=46","title":{"rendered":"Dr. habil. Oliver Arp"},"content":{"rendered":"\n<p>Oliver ist mit Andr\u00e9 (fast) von Begin an dabei. Er hat schon alles erlebt was man auf Parabelfl\u00fcgen so erleben kann. Er hat sogar schon mit H\u00fchnerh\u00e4nden den Flieger kopf\u00fcber bestiegen.<\/p>\n\n\n\n<p>Alles Gute!<\/p>\n","protected":false},"excerpt":{"rendered":"<p>Oliver ist mit Andr\u00e9 (fast) von Begin an dabei. Er hat schon alles erlebt was man auf Parabelfl\u00fcgen so erleben kann. Er hat sogar schon mit H\u00fchnerh\u00e4nden den Flieger kopf\u00fcber bestiegen. Alles Gute!<\/p>\n","protected":false},"author":1,"featured_media":0,"parent":18,"menu_order":0,"comment_status":"closed","ping_status":"closed","template":"","meta":{"footnotes":""},"class_list":["post-46","page","type-page","status-publish","hentry"],"_links":{"self":[{"href":"https:\/\/zerog.physik.uni-greifswald.de\/index.php?rest_route=\/wp\/v2\/pages\/46","targetHints":{"allow":["GET"]}}],"collection":[{"href":"https:\/\/zerog.physik.uni-greifswald.de\/index.php?rest_route=\/wp\/v2\/pages"}],"about":[{"href":"https:\/\/zerog.physik.uni-greifswald.de\/index.php?rest_route=\/wp\/v2\/types\/page"}],"author":[{"embeddable":true,"href":"https:\/\/zerog.physik.uni-greifswald.de\/index.php?rest_route=\/wp\/v2\/users\/1"}],"replies":[{"embeddable":true,"href":"https:\/\/zerog.physik.uni-greifswald.de\/index.php?rest_route=%2Fwp%2Fv2%2Fcomments&post=46"}],"version-history":[{"count":3,"href":"https:\/\/zerog.physik.uni-greifswald.de\/index.php?rest_route=\/wp\/v2\/pages\/46\/revisions"}],"predecessor-version":[{"id":1639,"href":"https:\/\/zerog.physik.uni-greifswald.de\/index.php?rest_route=\/wp\/v2\/pages\/46\/revisions\/1639"}],"up":[{"embeddable":true,"href":"https:\/\/zerog.physik.uni-greifswald.de\/index.php?rest_route=\/wp\/v2\/pages\/18"}],"wp:attachment":[{"href":"https:\/\/zerog.physik.uni-greifswald.de\/index.php?rest_route=%2Fwp%2Fv2%2Fmedia&parent=46"}],"curies":[{"name":"wp","href":"https:\/\/api.w.org\/{rel}","templated":true}]}}