{"id":430,"date":"2016-11-04T13:00:31","date_gmt":"2016-11-04T12:00:31","guid":{"rendered":"http:\/\/zerog.physik.uni-greifswald.de\/?page_id=430"},"modified":"2026-03-30T16:31:24","modified_gmt":"2026-03-30T14:31:24","slug":"das-experiment","status":"publish","type":"page","link":"https:\/\/zerog.physik.uni-greifswald.de\/?page_id=430","title":{"rendered":"Die Experimente"},"content":{"rendered":"\n<p>An dieser Stelle wollen wir euch die eigentlichen Stars des Teams vorstellen: Unsere Experimente. Dabei werdet ihr auch erfahren, warum wir f\u00fcr unsere Versuche \u00fcberhaupt Schwerelosigkeit ben\u00f6tigen.<\/p>\n\n\n\n<h3 class=\"wp-block-heading\">Warum Parabelfl\u00fcge?<\/h3>\n\n\n\n<p>Wie die meisten unserer Leser wahrscheinlich wissen, erforschen wir sogenannte staubige Plasmen. Ein (physikalisches) Plasma besteht aus elektrisch negativ geladenen Elektronen, positiv geladenen Ionen sowie neutralen Gasatomen. Bei einem staubigen Plasma kommen noch nano- bis mikrometergro\u00dfe Partikel hinzu. Wir verwenden in unseren Experimenten Plastikk\u00fcgelchen mit Durchmessern von einigen Mikrometern, die sich in einer Hochfrequenzentladung befinden. Um zu erkl\u00e4ren, wie wir dies genau machen und was wir uns von unserer Forschung versprechen, m\u00fcsste man ziemlich weit ausholen und das soll an dieser Stelle aus Platzgr\u00fcnden unterlassen werden. Ihr wollt aber nun bestimmt zumindest wissen, warum wir einen solchen Aufwand betreiben und unseren Versuchsaufbau samt Team durch halb Europa schicken, um dann in einem Flugzeug, das nicht einmal eine Standard-Fluglizenz besitzt, abenteuerliche Man\u00f6ver zu vollf\u00fchren. Der Grund hierf\u00fcr ist eigentlich relativ einfach. Da die Staubpartikel makroskopisch, also mehrere Mikrometer gro\u00df sind, ist die Schwerkraft keine zu vernachl\u00e4ssigende Gr\u00f6\u00dfe. Im Labor fallen die Partikel zun\u00e4chst herunter und sammeln sich in einer flachen, pfannkuchenf\u00f6rmigen Wolke am unteren Rand des Plasmas. Zwar hat auch eine solche Anordnung etwas f\u00fcr sich, wir haben es aber lieber gro\u00df, ausgedehnt und vor allen Dingen dreidimensional und daf\u00fcr muss man nunmal die Schwerkraft \u201eabschalten\u201c. Hierf\u00fcr gibt es allerdings relativ wenige M\u00f6glichkeiten und eine davon ist der Parabelflug. Ist aber nicht wirklich schlimm, denn irgendwie macht es ja auch Spa\u00df!<\/p>\n\n\n\n<figure data-wp-context=\"{&quot;imageId&quot;:&quot;69e7adf08fde6&quot;}\" data-wp-interactive=\"core\/image\" data-wp-key=\"69e7adf08fde6\" class=\"wp-block-image is-resized wp-lightbox-container\"><img loading=\"lazy\" decoding=\"async\" width=\"800\" height=\"272\" data-wp-class--hide=\"state.isContentHidden\" data-wp-class--show=\"state.isContentVisible\" data-wp-init=\"callbacks.setButtonStyles\" data-wp-on--click=\"actions.showLightbox\" data-wp-on--load=\"callbacks.setButtonStyles\" data-wp-on-window--resize=\"callbacks.setButtonStyles\" src=\"http:\/\/zerog.physik.uni-greifswald.de\/wp-content\/uploads\/2016\/11\/explanation_ug-800x272.jpg\" alt=\"explanation_ug\" class=\"wp-image-440\" style=\"width:800px;height:272px\" srcset=\"https:\/\/zerog.physik.uni-greifswald.de\/wp-content\/uploads\/2016\/11\/explanation_ug-800x272.jpg 800w, https:\/\/zerog.physik.uni-greifswald.de\/wp-content\/uploads\/2016\/11\/explanation_ug-150x51.jpg 150w, https:\/\/zerog.physik.uni-greifswald.de\/wp-content\/uploads\/2016\/11\/explanation_ug-300x102.jpg 300w, https:\/\/zerog.physik.uni-greifswald.de\/wp-content\/uploads\/2016\/11\/explanation_ug-768x261.jpg 768w, https:\/\/zerog.physik.uni-greifswald.de\/wp-content\/uploads\/2016\/11\/explanation_ug.jpg 1793w\" sizes=\"auto, (max-width: 800px) 100vw, 800px\" \/><button\n\t\t\tclass=\"lightbox-trigger\"\n\t\t\ttype=\"button\"\n\t\t\taria-haspopup=\"dialog\"\n\t\t\taria-label=\"Vergr\u00f6\u00dfern\"\n\t\t\tdata-wp-init=\"callbacks.initTriggerButton\"\n\t\t\tdata-wp-on--click=\"actions.showLightbox\"\n\t\t\tdata-wp-style--right=\"state.imageButtonRight\"\n\t\t\tdata-wp-style--top=\"state.imageButtonTop\"\n\t\t>\n\t\t\t<svg xmlns=\"http:\/\/www.w3.org\/2000\/svg\" width=\"12\" height=\"12\" fill=\"none\" viewBox=\"0 0 12 12\">\n\t\t\t\t<path fill=\"#fff\" d=\"M2 0a2 2 0 0 0-2 2v2h1.5V2a.5.5 0 0 1 .5-.5h2V0H2Zm2 10.5H2a.5.5 0 0 1-.5-.5V8H0v2a2 2 0 0 0 2 2h2v-1.5ZM8 12v-1.5h2a.5.5 0 0 0 .5-.5V8H12v2a2 2 0 0 1-2 2H8Zm2-12a2 2 0 0 1 2 2v2h-1.5V2a.5.5 0 0 0-.5-.5H8V0h2Z\" \/>\n\t\t\t<\/svg>\n\t\t<\/button><figcaption class=\"wp-element-caption\">Schematischer Aufbau unseres Experiments. Oben rechts: Im Labor sammeln sich die Staubpartikel am unteren Rand des Plasmas. Unten rechts: Unter Schwerelosigkeit erhalten wir eine ausgedehnte Staubwolke. Klicken vergr\u00f6\u00dfert das Bild.<\/figcaption><\/figure>\n\n\n\n<h3 class=\"wp-block-heading\">Die Experimente<\/h3>\n\n\n\n<p>Nun aber, wie versprochen zu unseren eigentlichen Stars. So ein physikalisches Experiment ist ja in den meisten F\u00e4llen ansich schon ein modernes Kunstwerk, welches nicht selten vor Hightech nur so strotzt. F\u00fcr unsere Apparatur gilt das aber in besonderem Ma\u00dfe, da wir das ganze ja nicht im Labor betrieben, sondern in einem A-310. Folglich gibt es eine Menge zus\u00e4tzlicher Einschr\u00e4nkungen, die vor allen Dingen aus den erh\u00f6hten Sicherheitsanforderungen, die uns vom Betreiber des Flugzeugs und der franz\u00f6sischen Flugbeh\u00f6rde gestellt werden, resultieren. Und trotzdem soll das Experiment dann blo\u00df nicht zu schwer sein und erst recht nicht zu viel Strom verbrauchen. Man erkennt also: das ist prinzipiell keine so leichte Aufgabe. Aber wir haben unsere Hausaufgaben nat\u00fcrlich gemacht &#8211; Sonst w\u00e4ren wir ja auch nicht immer wieder mit an Bord.<\/p>\n\n\n\n<p>Wir haben aktuell zwei Aufbauten, von denen jeweils einer auf einer Kampagne zum Einsatz kommt. Beide Experimente sind aus mehreren sogenannten Racks zusammengesetzt &#8211; St\u00fctzstrukturen, in denen alle Komponenten eingebaut sind und die dann als Einheit im Flugzeug verschraubt werden. Beide Experimente werden im Flug von drei Experimentatoren bedient.<\/p>\n\n\n\n<figure data-wp-context=\"{&quot;imageId&quot;:&quot;69e7adf0905b6&quot;}\" data-wp-interactive=\"core\/image\" data-wp-key=\"69e7adf0905b6\" class=\"wp-block-image size-large wp-lightbox-container\"><img loading=\"lazy\" decoding=\"async\" width=\"800\" height=\"533\" data-wp-class--hide=\"state.isContentHidden\" data-wp-class--show=\"state.isContentVisible\" data-wp-init=\"callbacks.setButtonStyles\" data-wp-on--click=\"actions.showLightbox\" data-wp-on--load=\"callbacks.setButtonStyles\" data-wp-on-window--resize=\"callbacks.setButtonStyles\" src=\"https:\/\/zerog.physik.uni-greifswald.de\/wp-content\/uploads\/2022\/02\/DSC04482-800x533.jpg\" alt=\"\" class=\"wp-image-1472\" srcset=\"https:\/\/zerog.physik.uni-greifswald.de\/wp-content\/uploads\/2022\/02\/DSC04482-800x533.jpg 800w, https:\/\/zerog.physik.uni-greifswald.de\/wp-content\/uploads\/2022\/02\/DSC04482-300x200.jpg 300w, https:\/\/zerog.physik.uni-greifswald.de\/wp-content\/uploads\/2022\/02\/DSC04482-768x512.jpg 768w, https:\/\/zerog.physik.uni-greifswald.de\/wp-content\/uploads\/2022\/02\/DSC04482-1536x1024.jpg 1536w, https:\/\/zerog.physik.uni-greifswald.de\/wp-content\/uploads\/2022\/02\/DSC04482-2048x1365.jpg 2048w\" sizes=\"auto, (max-width: 800px) 100vw, 800px\" \/><button\n\t\t\tclass=\"lightbox-trigger\"\n\t\t\ttype=\"button\"\n\t\t\taria-haspopup=\"dialog\"\n\t\t\taria-label=\"Vergr\u00f6\u00dfern\"\n\t\t\tdata-wp-init=\"callbacks.initTriggerButton\"\n\t\t\tdata-wp-on--click=\"actions.showLightbox\"\n\t\t\tdata-wp-style--right=\"state.imageButtonRight\"\n\t\t\tdata-wp-style--top=\"state.imageButtonTop\"\n\t\t>\n\t\t\t<svg xmlns=\"http:\/\/www.w3.org\/2000\/svg\" width=\"12\" height=\"12\" fill=\"none\" viewBox=\"0 0 12 12\">\n\t\t\t\t<path fill=\"#fff\" d=\"M2 0a2 2 0 0 0-2 2v2h1.5V2a.5.5 0 0 1 .5-.5h2V0H2Zm2 10.5H2a.5.5 0 0 1-.5-.5V8H0v2a2 2 0 0 0 2 2h2v-1.5ZM8 12v-1.5h2a.5.5 0 0 0 .5-.5V8H12v2a2 2 0 0 1-2 2H8Zm2-12a2 2 0 0 1 2 2v2h-1.5V2a.5.5 0 0 0-.5-.5H8V0h2Z\" \/>\n\t\t\t<\/svg>\n\t\t<\/button><figcaption class=\"wp-element-caption\">Die 3 Racks von Experiment I im Flugzeug<\/figcaption><\/figure>\n\n\n\n<figure data-wp-context=\"{&quot;imageId&quot;:&quot;69e7adf090baa&quot;}\" data-wp-interactive=\"core\/image\" data-wp-key=\"69e7adf090baa\" class=\"wp-block-image size-large wp-lightbox-container\"><img loading=\"lazy\" decoding=\"async\" width=\"800\" height=\"533\" data-wp-class--hide=\"state.isContentHidden\" data-wp-class--show=\"state.isContentVisible\" data-wp-init=\"callbacks.setButtonStyles\" data-wp-on--click=\"actions.showLightbox\" data-wp-on--load=\"callbacks.setButtonStyles\" data-wp-on-window--resize=\"callbacks.setButtonStyles\" src=\"https:\/\/zerog.physik.uni-greifswald.de\/wp-content\/uploads\/2023\/05\/DSC07582_bearb-800x533.jpg\" alt=\"\" class=\"wp-image-1764\" srcset=\"https:\/\/zerog.physik.uni-greifswald.de\/wp-content\/uploads\/2023\/05\/DSC07582_bearb-800x533.jpg 800w, https:\/\/zerog.physik.uni-greifswald.de\/wp-content\/uploads\/2023\/05\/DSC07582_bearb-300x200.jpg 300w, https:\/\/zerog.physik.uni-greifswald.de\/wp-content\/uploads\/2023\/05\/DSC07582_bearb-768x512.jpg 768w, https:\/\/zerog.physik.uni-greifswald.de\/wp-content\/uploads\/2023\/05\/DSC07582_bearb-1536x1024.jpg 1536w, https:\/\/zerog.physik.uni-greifswald.de\/wp-content\/uploads\/2023\/05\/DSC07582_bearb-2048x1365.jpg 2048w\" sizes=\"auto, (max-width: 800px) 100vw, 800px\" \/><button\n\t\t\tclass=\"lightbox-trigger\"\n\t\t\ttype=\"button\"\n\t\t\taria-haspopup=\"dialog\"\n\t\t\taria-label=\"Vergr\u00f6\u00dfern\"\n\t\t\tdata-wp-init=\"callbacks.initTriggerButton\"\n\t\t\tdata-wp-on--click=\"actions.showLightbox\"\n\t\t\tdata-wp-style--right=\"state.imageButtonRight\"\n\t\t\tdata-wp-style--top=\"state.imageButtonTop\"\n\t\t>\n\t\t\t<svg xmlns=\"http:\/\/www.w3.org\/2000\/svg\" width=\"12\" height=\"12\" fill=\"none\" viewBox=\"0 0 12 12\">\n\t\t\t\t<path fill=\"#fff\" d=\"M2 0a2 2 0 0 0-2 2v2h1.5V2a.5.5 0 0 1 .5-.5h2V0H2Zm2 10.5H2a.5.5 0 0 1-.5-.5V8H0v2a2 2 0 0 0 2 2h2v-1.5ZM8 12v-1.5h2a.5.5 0 0 0 .5-.5V8H12v2a2 2 0 0 1-2 2H8Zm2-12a2 2 0 0 1 2 2v2h-1.5V2a.5.5 0 0 0-.5-.5H8V0h2Z\" \/>\n\t\t\t<\/svg>\n\t\t<\/button><figcaption class=\"wp-element-caption\">Die 2 Racks von Experiment II im Flugzeug<\/figcaption><\/figure>\n\n\n\n<p><\/p>\n","protected":false},"excerpt":{"rendered":"<p>An dieser Stelle wollen wir euch die eigentlichen Stars des Teams vorstellen: Unsere Experimente. Dabei werdet ihr auch erfahren, warum wir f\u00fcr unsere Versuche \u00fcberhaupt Schwerelosigkeit ben\u00f6tigen. Warum Parabelfl\u00fcge? Wie die meisten unserer Leser wahrscheinlich wissen, erforschen wir sogenannte staubige Plasmen. Ein (physikalisches) Plasma besteht aus elektrisch negativ geladenen Elektronen, positiv geladenen Ionen sowie neutralen &hellip; <a href=\"https:\/\/zerog.physik.uni-greifswald.de\/?page_id=430\" class=\"more-link\"><span class=\"screen-reader-text\">Die Experimente<\/span> weiterlesen <span class=\"meta-nav\">&rarr;<\/span><\/a><\/p>\n","protected":false},"author":1,"featured_media":0,"parent":413,"menu_order":0,"comment_status":"closed","ping_status":"closed","template":"","meta":{"footnotes":""},"class_list":["post-430","page","type-page","status-publish","hentry"],"_links":{"self":[{"href":"https:\/\/zerog.physik.uni-greifswald.de\/index.php?rest_route=\/wp\/v2\/pages\/430","targetHints":{"allow":["GET"]}}],"collection":[{"href":"https:\/\/zerog.physik.uni-greifswald.de\/index.php?rest_route=\/wp\/v2\/pages"}],"about":[{"href":"https:\/\/zerog.physik.uni-greifswald.de\/index.php?rest_route=\/wp\/v2\/types\/page"}],"author":[{"embeddable":true,"href":"https:\/\/zerog.physik.uni-greifswald.de\/index.php?rest_route=\/wp\/v2\/users\/1"}],"replies":[{"embeddable":true,"href":"https:\/\/zerog.physik.uni-greifswald.de\/index.php?rest_route=%2Fwp%2Fv2%2Fcomments&post=430"}],"version-history":[{"count":11,"href":"https:\/\/zerog.physik.uni-greifswald.de\/index.php?rest_route=\/wp\/v2\/pages\/430\/revisions"}],"predecessor-version":[{"id":2473,"href":"https:\/\/zerog.physik.uni-greifswald.de\/index.php?rest_route=\/wp\/v2\/pages\/430\/revisions\/2473"}],"up":[{"embeddable":true,"href":"https:\/\/zerog.physik.uni-greifswald.de\/index.php?rest_route=\/wp\/v2\/pages\/413"}],"wp:attachment":[{"href":"https:\/\/zerog.physik.uni-greifswald.de\/index.php?rest_route=%2Fwp%2Fv2%2Fmedia&parent=430"}],"curies":[{"name":"wp","href":"https:\/\/api.w.org\/{rel}","templated":true}]}}