{"id":42,"date":"2016-06-03T08:48:10","date_gmt":"2016-06-03T06:48:10","guid":{"rendered":"http:\/\/zerog.physik.uni-greifswald.de\/?page_id=42"},"modified":"2023-05-03T16:26:25","modified_gmt":"2023-05-03T14:26:25","slug":"tim-bockwoldt","status":"publish","type":"page","link":"https:\/\/zerog.physik.uni-greifswald.de\/?page_id=42","title":{"rendered":"Dr. Tim Bockwoldt"},"content":{"rendered":"\n<p>Tim war uns allen immer ein guter Kollege &#8211; und vor allem ein Freund. Wir werden sein Andenken in Ehren halten. Seine F\u00e4higkeit, mit den Eingeborenen zu kommunizieren haben uns alle beeindruckt und werden uns fehlen. Die Nahrungsmittelversorgung wird in Zukunft auf jeden Fall karger ausfallen. Nicht zuletzt soll erw\u00e4hnt werden, dass ihm f\u00fcr seine Verdienste die Parabelflieger-Auszeichnung in Bronze verliehen wurde. Gl\u00fcckwunsch und alles Gute Tim!<\/p>\n\n\n<div class=\"wp-block-image size-medium wp-image-74\">\n<figure class=\"aligncenter\"><img loading=\"lazy\" decoding=\"async\" width=\"300\" height=\"281\" src=\"https:\/\/zerog.physik.uni-greifswald.de\/wp-content\/uploads\/2016\/06\/Tim_Medaille-300x281.jpg\" alt=\"Tim im Gl\u00fcck mit Batzen Bronze\" class=\"wp-image-74\" srcset=\"https:\/\/zerog.physik.uni-greifswald.de\/wp-content\/uploads\/2016\/06\/Tim_Medaille-300x281.jpg 300w, https:\/\/zerog.physik.uni-greifswald.de\/wp-content\/uploads\/2016\/06\/Tim_Medaille-768x720.jpg 768w, https:\/\/zerog.physik.uni-greifswald.de\/wp-content\/uploads\/2016\/06\/Tim_Medaille.jpg 900w\" sizes=\"auto, (max-width: 300px) 100vw, 300px\" \/><figcaption class=\"wp-element-caption\">Tim im Gl\u00fcck mit Batzen Bronze<\/figcaption><\/figure>\n<\/div>","protected":false},"excerpt":{"rendered":"<p>Tim war uns allen immer ein guter Kollege &#8211; und vor allem ein Freund. Wir werden sein Andenken in Ehren halten. Seine F\u00e4higkeit, mit den Eingeborenen zu kommunizieren haben uns alle beeindruckt und werden uns fehlen. Die Nahrungsmittelversorgung wird in Zukunft auf jeden Fall karger ausfallen. Nicht zuletzt soll erw\u00e4hnt werden, dass ihm f\u00fcr seine &hellip; <a href=\"https:\/\/zerog.physik.uni-greifswald.de\/?page_id=42\" class=\"more-link\"><span class=\"screen-reader-text\">Dr. Tim Bockwoldt<\/span> weiterlesen <span class=\"meta-nav\">&rarr;<\/span><\/a><\/p>\n","protected":false},"author":1,"featured_media":72,"parent":18,"menu_order":0,"comment_status":"closed","ping_status":"closed","template":"","meta":{"footnotes":""},"class_list":["post-42","page","type-page","status-publish","has-post-thumbnail","hentry"],"_links":{"self":[{"href":"https:\/\/zerog.physik.uni-greifswald.de\/index.php?rest_route=\/wp\/v2\/pages\/42","targetHints":{"allow":["GET"]}}],"collection":[{"href":"https:\/\/zerog.physik.uni-greifswald.de\/index.php?rest_route=\/wp\/v2\/pages"}],"about":[{"href":"https:\/\/zerog.physik.uni-greifswald.de\/index.php?rest_route=\/wp\/v2\/types\/page"}],"author":[{"embeddable":true,"href":"https:\/\/zerog.physik.uni-greifswald.de\/index.php?rest_route=\/wp\/v2\/users\/1"}],"replies":[{"embeddable":true,"href":"https:\/\/zerog.physik.uni-greifswald.de\/index.php?rest_route=%2Fwp%2Fv2%2Fcomments&post=42"}],"version-history":[{"count":6,"href":"https:\/\/zerog.physik.uni-greifswald.de\/index.php?rest_route=\/wp\/v2\/pages\/42\/revisions"}],"predecessor-version":[{"id":1650,"href":"https:\/\/zerog.physik.uni-greifswald.de\/index.php?rest_route=\/wp\/v2\/pages\/42\/revisions\/1650"}],"up":[{"embeddable":true,"href":"https:\/\/zerog.physik.uni-greifswald.de\/index.php?rest_route=\/wp\/v2\/pages\/18"}],"wp:featuredmedia":[{"embeddable":true,"href":"https:\/\/zerog.physik.uni-greifswald.de\/index.php?rest_route=\/wp\/v2\/media\/72"}],"wp:attachment":[{"href":"https:\/\/zerog.physik.uni-greifswald.de\/index.php?rest_route=%2Fwp%2Fv2%2Fmedia&parent=42"}],"curies":[{"name":"wp","href":"https:\/\/api.w.org\/{rel}","templated":true}]}}