{"id":413,"date":"2016-11-04T12:51:33","date_gmt":"2016-11-04T11:51:33","guid":{"rendered":"http:\/\/zerog.physik.uni-greifswald.de\/?page_id=413"},"modified":"2023-05-04T23:23:23","modified_gmt":"2023-05-04T21:23:23","slug":"experimente","status":"publish","type":"page","link":"https:\/\/zerog.physik.uni-greifswald.de\/?page_id=413","title":{"rendered":"Hintergrund"},"content":{"rendered":"\n<p>Auch wenn das ganze Drumherum nat\u00fcrlich sehr spannend ist, geht es bei den Kampagnen im Kern nat\u00fcrlich um Physik. Hier wollen wir versuchen, euch die physikalischen und technischen Hintergr\u00fcnde unserer Schwerelosigkeits-Experimente etwas n\u00e4her zu bringen.<\/p>\n","protected":false},"excerpt":{"rendered":"<p>Auch wenn das ganze Drumherum nat\u00fcrlich sehr spannend ist, geht es bei den Kampagnen im Kern nat\u00fcrlich um Physik. Hier wollen wir versuchen, euch die physikalischen und technischen Hintergr\u00fcnde unserer Schwerelosigkeits-Experimente etwas n\u00e4her zu bringen.<\/p>\n","protected":false},"author":1,"featured_media":0,"parent":0,"menu_order":0,"comment_status":"closed","ping_status":"closed","template":"","meta":{"footnotes":""},"class_list":["post-413","page","type-page","status-publish","hentry"],"_links":{"self":[{"href":"https:\/\/zerog.physik.uni-greifswald.de\/index.php?rest_route=\/wp\/v2\/pages\/413","targetHints":{"allow":["GET"]}}],"collection":[{"href":"https:\/\/zerog.physik.uni-greifswald.de\/index.php?rest_route=\/wp\/v2\/pages"}],"about":[{"href":"https:\/\/zerog.physik.uni-greifswald.de\/index.php?rest_route=\/wp\/v2\/types\/page"}],"author":[{"embeddable":true,"href":"https:\/\/zerog.physik.uni-greifswald.de\/index.php?rest_route=\/wp\/v2\/users\/1"}],"replies":[{"embeddable":true,"href":"https:\/\/zerog.physik.uni-greifswald.de\/index.php?rest_route=%2Fwp%2Fv2%2Fcomments&post=413"}],"version-history":[{"count":3,"href":"https:\/\/zerog.physik.uni-greifswald.de\/index.php?rest_route=\/wp\/v2\/pages\/413\/revisions"}],"predecessor-version":[{"id":1686,"href":"https:\/\/zerog.physik.uni-greifswald.de\/index.php?rest_route=\/wp\/v2\/pages\/413\/revisions\/1686"}],"wp:attachment":[{"href":"https:\/\/zerog.physik.uni-greifswald.de\/index.php?rest_route=%2Fwp%2Fv2%2Fmedia&parent=413"}],"curies":[{"name":"wp","href":"https:\/\/api.w.org\/{rel}","templated":true}]}}