{"id":411,"date":"2016-11-04T12:39:30","date_gmt":"2016-11-04T11:39:30","guid":{"rendered":"http:\/\/zerog.physik.uni-greifswald.de\/?page_id=411"},"modified":"2026-03-30T15:08:55","modified_gmt":"2026-03-30T13:08:55","slug":"impressionen-intern","status":"publish","type":"page","link":"https:\/\/zerog.physik.uni-greifswald.de\/?page_id=411","title":{"rendered":"Impressionen (intern)"},"content":{"rendered":"<div class=\"members-access-error\">Nur registrierte Nutzer d\u00fcrfen diesen Bereich der Website betreten. Die Registrierung ist nur f\u00fcr pers\u00f6nlich Bekannte von Projektmitarbeitern m\u00f6glich.<\/p>\n<p>Wenn das auf dich zutrifft, schreibe eine E-Mail mit deinem Wunschnamen an <a href=\"mailto:stefan.schuett@physik.uni-greifswald.de\">stefan.schuett@physik.uni-greifswald.de<\/a>, um ein Login zu bekommen.<\/p>\n<p>Sorry, but only subscribed members are allowed to view this content. The registration will be only accepted for persons affiliated with the project or that are directly known to anyone participating this project.<\/p>\n<p>If this applies to you, write an email with your desired nickname to<br \/>\n<a href=\"mailto:stefan.schuett@physik.uni-greifswald.de\">stefan.schuett@physik.uni-greifswald.de<\/a> to get a login.<\/p>\n<p>&nbsp;<\/p><\/div>\n","protected":false},"excerpt":{"rendered":"<div class=\"members-access-error\">Nur registrierte Nutzer d\u00fcrfen diesen Bereich der Website betreten. Die Registrierung ist nur f\u00fcr pers\u00f6nlich Bekannte von Projektmitarbeitern m\u00f6glich.<\/p>\n<p>Wenn das auf dich zutrifft, schreibe eine E-Mail mit deinem Wunschnamen an <a href=\"mailto:stefan.schuett@physik.uni-greifswald.de\">stefan.schuett@physik.uni-greifswald.de<\/a>, um ein Login zu bekommen.<\/p>\n<p>Sorry, but only subscribed members are allowed to view this content. The registration will be only accepted for persons affiliated with the project or that are directly known to anyone participating this project.<\/p>\n<p>If this applies to you, write an email with your desired nickname to<br \/>\n<a href=\"mailto:stefan.schuett@physik.uni-greifswald.de\">stefan.schuett@physik.uni-greifswald.de<\/a> to get a login.<\/p>\n<p>&nbsp;<\/p><\/div>\n","protected":false},"author":1,"featured_media":0,"parent":406,"menu_order":0,"comment_status":"closed","ping_status":"closed","template":"","meta":{"footnotes":""},"class_list":["post-411","page","type-page","status-publish","hentry"],"_links":{"self":[{"href":"https:\/\/zerog.physik.uni-greifswald.de\/index.php?rest_route=\/wp\/v2\/pages\/411","targetHints":{"allow":["GET"]}}],"collection":[{"href":"https:\/\/zerog.physik.uni-greifswald.de\/index.php?rest_route=\/wp\/v2\/pages"}],"about":[{"href":"https:\/\/zerog.physik.uni-greifswald.de\/index.php?rest_route=\/wp\/v2\/types\/page"}],"author":[{"embeddable":true,"href":"https:\/\/zerog.physik.uni-greifswald.de\/index.php?rest_route=\/wp\/v2\/users\/1"}],"replies":[{"embeddable":true,"href":"https:\/\/zerog.physik.uni-greifswald.de\/index.php?rest_route=%2Fwp%2Fv2%2Fcomments&post=411"}],"version-history":[{"count":37,"href":"https:\/\/zerog.physik.uni-greifswald.de\/index.php?rest_route=\/wp\/v2\/pages\/411\/revisions"}],"predecessor-version":[{"id":2446,"href":"https:\/\/zerog.physik.uni-greifswald.de\/index.php?rest_route=\/wp\/v2\/pages\/411\/revisions\/2446"}],"up":[{"embeddable":true,"href":"https:\/\/zerog.physik.uni-greifswald.de\/index.php?rest_route=\/wp\/v2\/pages\/406"}],"wp:attachment":[{"href":"https:\/\/zerog.physik.uni-greifswald.de\/index.php?rest_route=%2Fwp%2Fv2%2Fmedia&parent=411"}],"curies":[{"name":"wp","href":"https:\/\/api.w.org\/{rel}","templated":true}]}}