{"id":38,"date":"2016-06-03T08:47:35","date_gmt":"2016-06-03T06:47:35","guid":{"rendered":"http:\/\/zerog.physik.uni-greifswald.de\/?page_id=38"},"modified":"2023-05-03T16:16:51","modified_gmt":"2023-05-03T14:16:51","slug":"steffan-schuett","status":"publish","type":"page","link":"https:\/\/zerog.physik.uni-greifswald.de\/?page_id=38","title":{"rendered":"Stefan"},"content":{"rendered":"\n<p>Stefan ist seit 2013 Mitglied der Crew und durfte damals noch von Kiel aus zum ersten Mal mitfliegen. Seitdem blieb er dem Projekt treu und fertigte seine Masterarbeit sowie Promotion (nun von Greifswald aus) zum Thema Entmischung mit Parabelflugdaten an.<\/p>\n\n\n\n<p>Von 2020 bis 2022 \u00fcbernahm er die Rolle des EPC. Er ist Experte f\u00fcr den LabView-Moloch im Steuerungscomputer und gibt stets alles, um die anderen Crew-Mitglieder vor ihm zu besch\u00fctzen.<\/p>\n\n\n\n<p><\/p>\n","protected":false},"excerpt":{"rendered":"<p>Stefan ist seit 2013 Mitglied der Crew und durfte damals noch von Kiel aus zum ersten Mal mitfliegen. Seitdem blieb er dem Projekt treu und fertigte seine Masterarbeit sowie Promotion (nun von Greifswald aus) zum Thema Entmischung mit Parabelflugdaten an. Von 2020 bis 2022 \u00fcbernahm er die Rolle des EPC. Er ist Experte f\u00fcr den &hellip; <a href=\"https:\/\/zerog.physik.uni-greifswald.de\/?page_id=38\" class=\"more-link\"><span class=\"screen-reader-text\">Stefan<\/span> weiterlesen <span class=\"meta-nav\">&rarr;<\/span><\/a><\/p>\n","protected":false},"author":1,"featured_media":1313,"parent":16,"menu_order":0,"comment_status":"closed","ping_status":"closed","template":"","meta":{"footnotes":""},"class_list":["post-38","page","type-page","status-publish","has-post-thumbnail","hentry"],"_links":{"self":[{"href":"https:\/\/zerog.physik.uni-greifswald.de\/index.php?rest_route=\/wp\/v2\/pages\/38","targetHints":{"allow":["GET"]}}],"collection":[{"href":"https:\/\/zerog.physik.uni-greifswald.de\/index.php?rest_route=\/wp\/v2\/pages"}],"about":[{"href":"https:\/\/zerog.physik.uni-greifswald.de\/index.php?rest_route=\/wp\/v2\/types\/page"}],"author":[{"embeddable":true,"href":"https:\/\/zerog.physik.uni-greifswald.de\/index.php?rest_route=\/wp\/v2\/users\/1"}],"replies":[{"embeddable":true,"href":"https:\/\/zerog.physik.uni-greifswald.de\/index.php?rest_route=%2Fwp%2Fv2%2Fcomments&post=38"}],"version-history":[{"count":8,"href":"https:\/\/zerog.physik.uni-greifswald.de\/index.php?rest_route=\/wp\/v2\/pages\/38\/revisions"}],"predecessor-version":[{"id":1630,"href":"https:\/\/zerog.physik.uni-greifswald.de\/index.php?rest_route=\/wp\/v2\/pages\/38\/revisions\/1630"}],"up":[{"embeddable":true,"href":"https:\/\/zerog.physik.uni-greifswald.de\/index.php?rest_route=\/wp\/v2\/pages\/16"}],"wp:featuredmedia":[{"embeddable":true,"href":"https:\/\/zerog.physik.uni-greifswald.de\/index.php?rest_route=\/wp\/v2\/media\/1313"}],"wp:attachment":[{"href":"https:\/\/zerog.physik.uni-greifswald.de\/index.php?rest_route=%2Fwp%2Fv2%2Fmedia&parent=38"}],"curies":[{"name":"wp","href":"https:\/\/api.w.org\/{rel}","templated":true}]}}