{"id":36,"date":"2016-06-03T08:47:12","date_gmt":"2016-06-03T06:47:12","guid":{"rendered":"http:\/\/zerog.physik.uni-greifswald.de\/?page_id=36"},"modified":"2023-05-03T16:22:35","modified_gmt":"2023-05-03T14:22:35","slug":"michael-himpel","status":"publish","type":"page","link":"https:\/\/zerog.physik.uni-greifswald.de\/?page_id=36","title":{"rendered":"Dr. Michael Himpel"},"content":{"rendered":"\n<p>Michael ist 2017 in die gro\u00dfen Fu\u00dfstapfen von Tim getreten und und hat von der PFC17 bis zur PFC19-Kampagne das EPC-Amt bekleidet. Neben seinen Franz\u00f6sischkenntnissen werden wir vor allem seine Stereoskopie-Expertise vermissen.<\/p>\n\n\n\n<p>Zum Gl\u00fcck hat Michael f\u00fcr Notf\u00e4lle noch seine Unterst\u00fctzung als graue Eminenz angeboten. Und wer wei\u00df, vielleicht kreuzen sich unsere Wege ja mal wieder bei einer PFC.<\/p>\n","protected":false},"excerpt":{"rendered":"<p>Michael ist 2017 in die gro\u00dfen Fu\u00dfstapfen von Tim getreten und und hat von der PFC17 bis zur PFC19-Kampagne das EPC-Amt bekleidet. Neben seinen Franz\u00f6sischkenntnissen werden wir vor allem seine Stereoskopie-Expertise vermissen. Zum Gl\u00fcck hat Michael f\u00fcr Notf\u00e4lle noch seine Unterst\u00fctzung als graue Eminenz angeboten. Und wer wei\u00df, vielleicht kreuzen sich unsere Wege ja mal &hellip; <a href=\"https:\/\/zerog.physik.uni-greifswald.de\/?page_id=36\" class=\"more-link\"><span class=\"screen-reader-text\">Dr. Michael Himpel<\/span> weiterlesen <span class=\"meta-nav\">&rarr;<\/span><\/a><\/p>\n","protected":false},"author":1,"featured_media":71,"parent":18,"menu_order":0,"comment_status":"closed","ping_status":"closed","template":"","meta":{"footnotes":""},"class_list":["post-36","page","type-page","status-publish","has-post-thumbnail","hentry"],"_links":{"self":[{"href":"https:\/\/zerog.physik.uni-greifswald.de\/index.php?rest_route=\/wp\/v2\/pages\/36","targetHints":{"allow":["GET"]}}],"collection":[{"href":"https:\/\/zerog.physik.uni-greifswald.de\/index.php?rest_route=\/wp\/v2\/pages"}],"about":[{"href":"https:\/\/zerog.physik.uni-greifswald.de\/index.php?rest_route=\/wp\/v2\/types\/page"}],"author":[{"embeddable":true,"href":"https:\/\/zerog.physik.uni-greifswald.de\/index.php?rest_route=\/wp\/v2\/users\/1"}],"replies":[{"embeddable":true,"href":"https:\/\/zerog.physik.uni-greifswald.de\/index.php?rest_route=%2Fwp%2Fv2%2Fcomments&post=36"}],"version-history":[{"count":10,"href":"https:\/\/zerog.physik.uni-greifswald.de\/index.php?rest_route=\/wp\/v2\/pages\/36\/revisions"}],"predecessor-version":[{"id":1642,"href":"https:\/\/zerog.physik.uni-greifswald.de\/index.php?rest_route=\/wp\/v2\/pages\/36\/revisions\/1642"}],"up":[{"embeddable":true,"href":"https:\/\/zerog.physik.uni-greifswald.de\/index.php?rest_route=\/wp\/v2\/pages\/18"}],"wp:featuredmedia":[{"embeddable":true,"href":"https:\/\/zerog.physik.uni-greifswald.de\/index.php?rest_route=\/wp\/v2\/media\/71"}],"wp:attachment":[{"href":"https:\/\/zerog.physik.uni-greifswald.de\/index.php?rest_route=%2Fwp%2Fv2%2Fmedia&parent=36"}],"curies":[{"name":"wp","href":"https:\/\/api.w.org\/{rel}","templated":true}]}}