{"id":34,"date":"2016-06-03T08:46:28","date_gmt":"2016-06-03T06:46:28","guid":{"rendered":"http:\/\/zerog.physik.uni-greifswald.de\/?page_id=34"},"modified":"2023-05-03T16:18:10","modified_gmt":"2023-05-03T14:18:10","slug":"andre-melzer","status":"publish","type":"page","link":"https:\/\/zerog.physik.uni-greifswald.de\/?page_id=34","title":{"rendered":"Andr\u00e9 (PI)"},"content":{"rendered":"\n<p>Andr\u00e9 darf mit Fug und Recht als das Urgestein der Truppe angesehen werden.\u00a0Er hat schon beinahe alles miterlebt. Zum Beispiel die konzentrations-f\u00f6rdernden Mittelchen, die fr\u00fcher noch gereicht wurden, um die Strapazen zu ertragen oder einen Flug mit abgebrochener Parabel, die es eigentlich\u00a0 flugtechnisch gar nicht geben kann.<\/p>\n\n\n\n<p>Andr\u00e9 ist mittlerweile zum xten Mal dabei und hat schon vor geraumer Zeit die Parabonautenmedaille in Bronze f\u00fcr mehr als 500 Parabeln verliehen bekommen. Andr\u00e9 ist \u00fcbrigens der rangh\u00f6chste Mitarbeiter vor Ort, er erf\u00fcllt n\u00e4mlich die Funktion eines PIs, also eines &#8222;Principal Investigators&#8220;.<\/p>\n","protected":false},"excerpt":{"rendered":"<p>Andr\u00e9 darf mit Fug und Recht als das Urgestein der Truppe angesehen werden.\u00a0Er hat schon beinahe alles miterlebt. Zum Beispiel die konzentrations-f\u00f6rdernden Mittelchen, die fr\u00fcher noch gereicht wurden, um die Strapazen zu ertragen oder einen Flug mit abgebrochener Parabel, die es eigentlich\u00a0 flugtechnisch gar nicht geben kann. Andr\u00e9 ist mittlerweile zum xten Mal dabei und &hellip; <a href=\"https:\/\/zerog.physik.uni-greifswald.de\/?page_id=34\" class=\"more-link\"><span class=\"screen-reader-text\">Andr\u00e9 (PI)<\/span> weiterlesen <span class=\"meta-nav\">&rarr;<\/span><\/a><\/p>\n","protected":false},"author":1,"featured_media":54,"parent":16,"menu_order":0,"comment_status":"closed","ping_status":"closed","template":"","meta":{"footnotes":""},"class_list":["post-34","page","type-page","status-publish","has-post-thumbnail","hentry"],"_links":{"self":[{"href":"https:\/\/zerog.physik.uni-greifswald.de\/index.php?rest_route=\/wp\/v2\/pages\/34","targetHints":{"allow":["GET"]}}],"collection":[{"href":"https:\/\/zerog.physik.uni-greifswald.de\/index.php?rest_route=\/wp\/v2\/pages"}],"about":[{"href":"https:\/\/zerog.physik.uni-greifswald.de\/index.php?rest_route=\/wp\/v2\/types\/page"}],"author":[{"embeddable":true,"href":"https:\/\/zerog.physik.uni-greifswald.de\/index.php?rest_route=\/wp\/v2\/users\/1"}],"replies":[{"embeddable":true,"href":"https:\/\/zerog.physik.uni-greifswald.de\/index.php?rest_route=%2Fwp%2Fv2%2Fcomments&post=34"}],"version-history":[{"count":9,"href":"https:\/\/zerog.physik.uni-greifswald.de\/index.php?rest_route=\/wp\/v2\/pages\/34\/revisions"}],"predecessor-version":[{"id":1631,"href":"https:\/\/zerog.physik.uni-greifswald.de\/index.php?rest_route=\/wp\/v2\/pages\/34\/revisions\/1631"}],"up":[{"embeddable":true,"href":"https:\/\/zerog.physik.uni-greifswald.de\/index.php?rest_route=\/wp\/v2\/pages\/16"}],"wp:featuredmedia":[{"embeddable":true,"href":"https:\/\/zerog.physik.uni-greifswald.de\/index.php?rest_route=\/wp\/v2\/media\/54"}],"wp:attachment":[{"href":"https:\/\/zerog.physik.uni-greifswald.de\/index.php?rest_route=%2Fwp%2Fv2%2Fmedia&parent=34"}],"curies":[{"name":"wp","href":"https:\/\/api.w.org\/{rel}","templated":true}]}}