{"id":1826,"date":"2023-05-22T10:26:42","date_gmt":"2023-05-22T08:26:42","guid":{"rendered":"https:\/\/zerog.physik.uni-greifswald.de\/?page_id=1826"},"modified":"2023-05-31T11:24:08","modified_gmt":"2023-05-31T09:24:08","slug":"flat-eric","status":"publish","type":"page","link":"https:\/\/zerog.physik.uni-greifswald.de\/?page_id=1826","title":{"rendered":"Flat Eric"},"content":{"rendered":"\n<p>2023 hat das Team Zuwachs bekommen. Zumindest aus Greifswalder Sicht, denn Flat Eric ist mindestens genauso lange im Gesch\u00e4ft wie Andr\u00e9 und somit alles andere als ein Neuling im Parabelflug-Business. Er d\u00fcrfte von den aktuellen Teammitgliedern mit Abstand die meisten Parabeln absolviert haben. Als HPGID ist er aufgrund seiner Befestigungsart &#8222;immer eine Hand am Rack&#8220; jedoch vollkommen ungeeignet und eher als moralische Unterst\u00fctzung an Bord.<\/p>\n\n\n<div class=\"wp-block-image\">\n<figure class=\"aligncenter size-large is-resized\"><img loading=\"lazy\" decoding=\"async\" src=\"https:\/\/zerog.physik.uni-greifswald.de\/wp-content\/uploads\/2023\/05\/DSCF0281_FlatEric-600x800.jpg\" alt=\"\" class=\"wp-image-1872\" width=\"600\" height=\"800\" srcset=\"https:\/\/zerog.physik.uni-greifswald.de\/wp-content\/uploads\/2023\/05\/DSCF0281_FlatEric-600x800.jpg 600w, https:\/\/zerog.physik.uni-greifswald.de\/wp-content\/uploads\/2023\/05\/DSCF0281_FlatEric-225x300.jpg 225w, https:\/\/zerog.physik.uni-greifswald.de\/wp-content\/uploads\/2023\/05\/DSCF0281_FlatEric-768x1024.jpg 768w, https:\/\/zerog.physik.uni-greifswald.de\/wp-content\/uploads\/2023\/05\/DSCF0281_FlatEric.jpg 900w\" sizes=\"auto, (max-width: 600px) 100vw, 600px\" \/><figcaption class=\"wp-element-caption\">Flat Eric hat Spa\u00df unter 0g<\/figcaption><\/figure>\n<\/div>","protected":false},"excerpt":{"rendered":"<p>2023 hat das Team Zuwachs bekommen. Zumindest aus Greifswalder Sicht, denn Flat Eric ist mindestens genauso lange im Gesch\u00e4ft wie Andr\u00e9 und somit alles andere als ein Neuling im Parabelflug-Business. Er d\u00fcrfte von den aktuellen Teammitgliedern mit Abstand die meisten Parabeln absolviert haben. Als HPGID ist er aufgrund seiner Befestigungsart &#8222;immer eine Hand am Rack&#8220; &hellip; <a href=\"https:\/\/zerog.physik.uni-greifswald.de\/?page_id=1826\" class=\"more-link\"><span class=\"screen-reader-text\">Flat Eric<\/span> weiterlesen <span class=\"meta-nav\">&rarr;<\/span><\/a><\/p>\n","protected":false},"author":7,"featured_media":1827,"parent":16,"menu_order":0,"comment_status":"closed","ping_status":"closed","template":"","meta":{"footnotes":""},"class_list":["post-1826","page","type-page","status-publish","has-post-thumbnail","hentry"],"_links":{"self":[{"href":"https:\/\/zerog.physik.uni-greifswald.de\/index.php?rest_route=\/wp\/v2\/pages\/1826","targetHints":{"allow":["GET"]}}],"collection":[{"href":"https:\/\/zerog.physik.uni-greifswald.de\/index.php?rest_route=\/wp\/v2\/pages"}],"about":[{"href":"https:\/\/zerog.physik.uni-greifswald.de\/index.php?rest_route=\/wp\/v2\/types\/page"}],"author":[{"embeddable":true,"href":"https:\/\/zerog.physik.uni-greifswald.de\/index.php?rest_route=\/wp\/v2\/users\/7"}],"replies":[{"embeddable":true,"href":"https:\/\/zerog.physik.uni-greifswald.de\/index.php?rest_route=%2Fwp%2Fv2%2Fcomments&post=1826"}],"version-history":[{"count":5,"href":"https:\/\/zerog.physik.uni-greifswald.de\/index.php?rest_route=\/wp\/v2\/pages\/1826\/revisions"}],"predecessor-version":[{"id":1874,"href":"https:\/\/zerog.physik.uni-greifswald.de\/index.php?rest_route=\/wp\/v2\/pages\/1826\/revisions\/1874"}],"up":[{"embeddable":true,"href":"https:\/\/zerog.physik.uni-greifswald.de\/index.php?rest_route=\/wp\/v2\/pages\/16"}],"wp:featuredmedia":[{"embeddable":true,"href":"https:\/\/zerog.physik.uni-greifswald.de\/index.php?rest_route=\/wp\/v2\/media\/1827"}],"wp:attachment":[{"href":"https:\/\/zerog.physik.uni-greifswald.de\/index.php?rest_route=%2Fwp%2Fv2%2Fmedia&parent=1826"}],"curies":[{"name":"wp","href":"https:\/\/api.w.org\/{rel}","templated":true}]}}