{"id":1443,"date":"2022-02-11T12:42:39","date_gmt":"2022-02-11T11:42:39","guid":{"rendered":"https:\/\/zerog.physik.uni-greifswald.de\/?page_id=1443"},"modified":"2022-02-11T12:43:07","modified_gmt":"2022-02-11T11:43:07","slug":"daniel-ii","status":"publish","type":"page","link":"https:\/\/zerog.physik.uni-greifswald.de\/?page_id=1443","title":{"rendered":"Daniel (II)"},"content":{"rendered":"\n<p>Daniel ist im Februar 2022 zusammen mit Christina zu unserer Arbeitsgruppe dazugesto\u00dfen. Das hei\u00dft aber nicht, dass er Neuling ist: Bereits seit etwa 10 Jahren f\u00fchrt er Parabelfl\u00fcge durch. So freuen wir uns nun, einen Haufen geballte Expertise dazugewonnen zu haben. Bei der PFC22 ist er gleich tatkr\u00e4ftig vor Ort dabei.<\/p>\n\n\n\n<p>Leider haben wir in der K\u00fcrze der Zeit keine Namens\u00e4nderung mehr durchsetzen k\u00f6nnen, sodass ihr mit der Unterscheidung zwischen Daniel (I) und Daniel (II) leben m\u00fcsst. Hoffentlich halten wir das wenigstens konsequent durch.<\/p>\n","protected":false},"excerpt":{"rendered":"<p>Daniel ist im Februar 2022 zusammen mit Christina zu unserer Arbeitsgruppe dazugesto\u00dfen. Das hei\u00dft aber nicht, dass er Neuling ist: Bereits seit etwa 10 Jahren f\u00fchrt er Parabelfl\u00fcge durch. So freuen wir uns nun, einen Haufen geballte Expertise dazugewonnen zu haben. Bei der PFC22 ist er gleich tatkr\u00e4ftig vor Ort dabei. Leider haben wir in &hellip; <a href=\"https:\/\/zerog.physik.uni-greifswald.de\/?page_id=1443\" class=\"more-link\"><span class=\"screen-reader-text\">Daniel (II)<\/span> weiterlesen <span class=\"meta-nav\">&rarr;<\/span><\/a><\/p>\n","protected":false},"author":7,"featured_media":1444,"parent":16,"menu_order":0,"comment_status":"closed","ping_status":"closed","template":"","meta":{"footnotes":""},"class_list":["post-1443","page","type-page","status-publish","has-post-thumbnail","hentry"],"_links":{"self":[{"href":"https:\/\/zerog.physik.uni-greifswald.de\/index.php?rest_route=\/wp\/v2\/pages\/1443","targetHints":{"allow":["GET"]}}],"collection":[{"href":"https:\/\/zerog.physik.uni-greifswald.de\/index.php?rest_route=\/wp\/v2\/pages"}],"about":[{"href":"https:\/\/zerog.physik.uni-greifswald.de\/index.php?rest_route=\/wp\/v2\/types\/page"}],"author":[{"embeddable":true,"href":"https:\/\/zerog.physik.uni-greifswald.de\/index.php?rest_route=\/wp\/v2\/users\/7"}],"replies":[{"embeddable":true,"href":"https:\/\/zerog.physik.uni-greifswald.de\/index.php?rest_route=%2Fwp%2Fv2%2Fcomments&post=1443"}],"version-history":[{"count":1,"href":"https:\/\/zerog.physik.uni-greifswald.de\/index.php?rest_route=\/wp\/v2\/pages\/1443\/revisions"}],"predecessor-version":[{"id":1445,"href":"https:\/\/zerog.physik.uni-greifswald.de\/index.php?rest_route=\/wp\/v2\/pages\/1443\/revisions\/1445"}],"up":[{"embeddable":true,"href":"https:\/\/zerog.physik.uni-greifswald.de\/index.php?rest_route=\/wp\/v2\/pages\/16"}],"wp:featuredmedia":[{"embeddable":true,"href":"https:\/\/zerog.physik.uni-greifswald.de\/index.php?rest_route=\/wp\/v2\/media\/1444"}],"wp:attachment":[{"href":"https:\/\/zerog.physik.uni-greifswald.de\/index.php?rest_route=%2Fwp%2Fv2%2Fmedia&parent=1443"}],"curies":[{"name":"wp","href":"https:\/\/api.w.org\/{rel}","templated":true}]}}