{"id":1440,"date":"2022-02-11T12:38:41","date_gmt":"2022-02-11T11:38:41","guid":{"rendered":"https:\/\/zerog.physik.uni-greifswald.de\/?page_id=1440"},"modified":"2022-02-11T12:39:06","modified_gmt":"2022-02-11T11:39:06","slug":"christina","status":"publish","type":"page","link":"https:\/\/zerog.physik.uni-greifswald.de\/?page_id=1440","title":{"rendered":"Christina"},"content":{"rendered":"\n<p>Christina ist im Februar 2022 zusammen mit Daniel (II) zu unserer Arbeitsgruppe dazugesto\u00dfen. Das hei\u00dft aber nicht, dass sie Neuling ist: Bereits seit \u00fcber 10 Jahren f\u00fchrt sie Parabelfl\u00fcge durch. So freuen wir uns nun, einen Haufen geballte Expertise dazugewonnen zu haben. Bei der PFC22 ist sie gleich tatkr\u00e4ftig vor Ort dabei.<\/p>\n","protected":false},"excerpt":{"rendered":"<p>Christina ist im Februar 2022 zusammen mit Daniel (II) zu unserer Arbeitsgruppe dazugesto\u00dfen. Das hei\u00dft aber nicht, dass sie Neuling ist: Bereits seit \u00fcber 10 Jahren f\u00fchrt sie Parabelfl\u00fcge durch. So freuen wir uns nun, einen Haufen geballte Expertise dazugewonnen zu haben. Bei der PFC22 ist sie gleich tatkr\u00e4ftig vor Ort dabei.<\/p>\n","protected":false},"author":7,"featured_media":1441,"parent":16,"menu_order":0,"comment_status":"closed","ping_status":"closed","template":"","meta":{"footnotes":""},"class_list":["post-1440","page","type-page","status-publish","has-post-thumbnail","hentry"],"_links":{"self":[{"href":"https:\/\/zerog.physik.uni-greifswald.de\/index.php?rest_route=\/wp\/v2\/pages\/1440","targetHints":{"allow":["GET"]}}],"collection":[{"href":"https:\/\/zerog.physik.uni-greifswald.de\/index.php?rest_route=\/wp\/v2\/pages"}],"about":[{"href":"https:\/\/zerog.physik.uni-greifswald.de\/index.php?rest_route=\/wp\/v2\/types\/page"}],"author":[{"embeddable":true,"href":"https:\/\/zerog.physik.uni-greifswald.de\/index.php?rest_route=\/wp\/v2\/users\/7"}],"replies":[{"embeddable":true,"href":"https:\/\/zerog.physik.uni-greifswald.de\/index.php?rest_route=%2Fwp%2Fv2%2Fcomments&post=1440"}],"version-history":[{"count":1,"href":"https:\/\/zerog.physik.uni-greifswald.de\/index.php?rest_route=\/wp\/v2\/pages\/1440\/revisions"}],"predecessor-version":[{"id":1442,"href":"https:\/\/zerog.physik.uni-greifswald.de\/index.php?rest_route=\/wp\/v2\/pages\/1440\/revisions\/1442"}],"up":[{"embeddable":true,"href":"https:\/\/zerog.physik.uni-greifswald.de\/index.php?rest_route=\/wp\/v2\/pages\/16"}],"wp:featuredmedia":[{"embeddable":true,"href":"https:\/\/zerog.physik.uni-greifswald.de\/index.php?rest_route=\/wp\/v2\/media\/1441"}],"wp:attachment":[{"href":"https:\/\/zerog.physik.uni-greifswald.de\/index.php?rest_route=%2Fwp%2Fv2%2Fmedia&parent=1440"}],"curies":[{"name":"wp","href":"https:\/\/api.w.org\/{rel}","templated":true}]}}