{"id":1315,"date":"2021-07-13T15:05:56","date_gmt":"2021-07-13T13:05:56","guid":{"rendered":"https:\/\/zerog.physik.uni-greifswald.de\/?page_id=1315"},"modified":"2022-02-11T11:52:51","modified_gmt":"2022-02-11T10:52:51","slug":"hjoerdis","status":"publish","type":"page","link":"https:\/\/zerog.physik.uni-greifswald.de\/?page_id=1315","title":{"rendered":"B.Sc. Hj\u00f6rdis Bouvain"},"content":{"rendered":"\n<p>Was aufgrund sehr kurzfristiger Planungen zur Parabelflugkampagne 2020 leider nicht klappte, wurde schlie\u00dflich doch Realit\u00e4t: Zur PFC 21 unterst\u00fctzte uns Hj\u00f6rdis in Paderborn. Sie hat 2020 in unserer Arbeitsgruppe ihre Bachelorarbeit geschrieben und sich dabei mit Staubdichtewellen besch\u00e4ftigt.<\/p>\n","protected":false},"excerpt":{"rendered":"<p>Was aufgrund sehr kurzfristiger Planungen zur Parabelflugkampagne 2020 leider nicht klappte, wurde schlie\u00dflich doch Realit\u00e4t: Zur PFC 21 unterst\u00fctzte uns Hj\u00f6rdis in Paderborn. Sie hat 2020 in unserer Arbeitsgruppe ihre Bachelorarbeit geschrieben und sich dabei mit Staubdichtewellen besch\u00e4ftigt.<\/p>\n","protected":false},"author":11,"featured_media":1375,"parent":18,"menu_order":0,"comment_status":"closed","ping_status":"closed","template":"","meta":{"footnotes":""},"class_list":["post-1315","page","type-page","status-publish","has-post-thumbnail","hentry"],"_links":{"self":[{"href":"https:\/\/zerog.physik.uni-greifswald.de\/index.php?rest_route=\/wp\/v2\/pages\/1315","targetHints":{"allow":["GET"]}}],"collection":[{"href":"https:\/\/zerog.physik.uni-greifswald.de\/index.php?rest_route=\/wp\/v2\/pages"}],"about":[{"href":"https:\/\/zerog.physik.uni-greifswald.de\/index.php?rest_route=\/wp\/v2\/types\/page"}],"author":[{"embeddable":true,"href":"https:\/\/zerog.physik.uni-greifswald.de\/index.php?rest_route=\/wp\/v2\/users\/11"}],"replies":[{"embeddable":true,"href":"https:\/\/zerog.physik.uni-greifswald.de\/index.php?rest_route=%2Fwp%2Fv2%2Fcomments&post=1315"}],"version-history":[{"count":4,"href":"https:\/\/zerog.physik.uni-greifswald.de\/index.php?rest_route=\/wp\/v2\/pages\/1315\/revisions"}],"predecessor-version":[{"id":1438,"href":"https:\/\/zerog.physik.uni-greifswald.de\/index.php?rest_route=\/wp\/v2\/pages\/1315\/revisions\/1438"}],"up":[{"embeddable":true,"href":"https:\/\/zerog.physik.uni-greifswald.de\/index.php?rest_route=\/wp\/v2\/pages\/18"}],"wp:featuredmedia":[{"embeddable":true,"href":"https:\/\/zerog.physik.uni-greifswald.de\/index.php?rest_route=\/wp\/v2\/media\/1375"}],"wp:attachment":[{"href":"https:\/\/zerog.physik.uni-greifswald.de\/index.php?rest_route=%2Fwp%2Fv2%2Fmedia&parent=1315"}],"curies":[{"name":"wp","href":"https:\/\/api.w.org\/{rel}","templated":true}]}}