{"id":11,"date":"2016-06-01T09:36:42","date_gmt":"2016-06-01T07:36:42","guid":{"rendered":"http:\/\/zerog.physik.uni-greifswald.de\/?page_id=11"},"modified":"2022-11-10T14:47:54","modified_gmt":"2022-11-10T13:47:54","slug":"impressum","status":"publish","type":"page","link":"https:\/\/zerog.physik.uni-greifswald.de\/?page_id=11","title":{"rendered":"Impressum"},"content":{"rendered":"<h4>Herausgeberin<\/h4>\n<p>Universit\u00e4t Greifswald<br \/>\nGesetzlich vertreten durch die Rektorin<br \/>\nProf. Dr. Katharina Riedel<\/p>\n<p><em>Postanschrift:<\/em><br \/>\n17487 Greifswald<\/p>\n<p><em>Hausanschrift:<\/em><br \/>\nDomstra\u00dfe 11, Eingang 2<br \/>\n17489 Greifswald<br \/>\nTelefon +49 3834 420 0<br \/>\nTelefax +49 3834 420 1105<br \/>\nrektorin(at)uni-greifswald(dot)de<br \/>\nUmsatzsteuer-ID-Nummer: DE 137 584 813<\/p>\n<h4>Aufsichtsbeh\u00f6rde<\/h4>\n<p>Ministerium f\u00fcr Wissenschaft, Kultur, Bundes- und Europaangelegenheiten Mecklenburg-Vorpommern<br \/>\nSchlo\u00dfstra\u00dfe 6-8<br \/>\n19053 Schwerin<br \/>\nTelefon: 0385 588-0<br \/>\nTelefax: 0385 588-18099<br \/>\nE-Mail: poststelle(at)em.mv-regierung(dot)de<\/p>\n<h4>Redaktionell verantwortlich gem\u00e4\u00df \u00a7 55 Abs. 5 RStV<\/h4>\n<p>Stefan Sch\u00fctt<br \/>\nUniversit\u00e4t Greifswald<br \/>\nFelix-Hausdorff-Stra\u00dfe 6<br \/>\n17489 Greifswald<br \/>\nTelefon +49 3834 420 4794<br \/>\nstefan.schuett(at)physik.uni-greifswald(dot)de<\/p>\n<h3 class=\"western\">Haftungsausschluss:<\/h3>\n<p><b><br \/>\n<\/b> <b>Haftung f\u00fcr Inhalte<\/b><br \/>\nDie Inhalte unserer Seiten wurden mit gr\u00f6\u00dfter Sorgfalt erstellt. F\u00fcr die Richtigkeit, Vollst\u00e4ndigkeit und Aktualit\u00e4t der Inhalte k\u00f6nnen wir jedoch keine Gew\u00e4hr \u00fcbernehmen. Als Diensteanbieter sind wir gem\u00e4\u00df \u00a7 7 Abs.1 TMG f\u00fcr eigene Inhalte auf diesen Seiten nach den allgemeinen Gesetzen verantwortlich. Nach \u00a7\u00a7 8 bis 10 TMG sind wir als Diensteanbieter jedoch nicht verpflichtet, \u00fcbermittelte oder gespeicherte fremde Informationen zu \u00fcberwachen oder nach Umst\u00e4nden zu forschen, die auf eine rechtswidrige T\u00e4tigkeit hinweisen. Verpflichtungen zur Entfernung oder Sperrung der Nutzung von Informationen nach den allgemeinen Gesetzen bleiben hiervon unber\u00fchrt. Eine diesbez\u00fcgliche Haftung ist jedoch erst ab dem Zeitpunkt der Kenntnis einer konkreten Rechtsverletzung m\u00f6glich. Bei Bekanntwerden von entsprechenden Rechtsverletzungen werden wir diese Inhalte umgehend entfernen.<\/p>\n<p><b>Verweise und Links<br \/>\n<\/b>Bei direkten oder indirekten Verweisen auf fremde Webseiten (\u201eHyperlinks\u201c), die au\u00dferhalb des Verantwortungsbereiches der Universit\u00e4t liegen, w\u00fcrde eine Haftungsverpflichtung ausschlie\u00dflich in dem Fall in Kraft treten, in dem der\/die Autor\/in von den Inhalten Kenntnis hat und es ihm\/ihr technisch m\u00f6glich und zumutbar w\u00e4re, die Nutzung im Falle rechtswidriger Inhalte zu verhindern.<\/p>\n<p class=\"bodytext\">Die Universit\u00e4t erkl\u00e4rt hiermit ausdr\u00fccklich, dass zum Zeitpunkt der Linksetzung keine illegalen Inhalte auf den zu verlinkenden Seiten erkennbar waren. Auf die aktuelle und zuk\u00fcnftige Gestaltung, die Inhalte oder die Urheberschaft der verlinkten\/verkn\u00fcpften Seiten hat die Universit\u00e4t keinerlei Einfluss. Deshalb distanziert sie sich hiermit ausdr\u00fccklich von allen Inhalten aller verlinkten\/verkn\u00fcpften Seiten, die nach der Linksetzung ver\u00e4ndert wurden. Diese Feststellung gilt f\u00fcr alle innerhalb des eigenen Internetangebotes gesetzten Links und Verweise sowie f\u00fcr Fremdeintr\u00e4ge in von der Universit\u00e4t eingerichteten G\u00e4steb\u00fcchern, Diskussionsforen, Linkverzeichnissen, Mailinglisten und in allen anderen Formen von Datenbanken, auf deren Inhalt externe Schreibzugriffe m\u00f6glich sind. F\u00fcr illegale, fehlerhafte oder unvollst\u00e4ndige Inhalte und insbesondere f\u00fcr Sch\u00e4den, die aus der Nutzung oder Nichtnutzung solcherart dargebotener Informationen entstehen, haftet allein der Anbieter der Seite, auf welche verwiesen wurde, nicht derjenige, der \u00fcber Links auf die jeweilige Ver\u00f6ffentlichung lediglich verweist.<\/p>\n<p><b>Urheber- und Kennzeichenrecht<\/b><br \/>\nDie Universit\u00e4t ist bestrebt, in allen Publikationen die Urheberrechte der verwendeten Grafiken, Fotos, Tondokumente, Videosequenzen und Texte zu beachten, von ihm selbst erstellte Grafiken, Fotos, Tondokumente, Videosequenzen und Texte zu nutzen oder auf lizenzfreie Grafiken, Fotos, Tondokumente, Videosequenzen und Texte zur\u00fcckzugreifen.<br \/>\nAlle innerhalb unseres mit diesem Impressum gekennzeichneten Internetangebotes genannten und ggf. durch Dritte gesch\u00fctzten Marken- und Warenzeichen unterliegen uneingeschr\u00e4nkt den Bestimmungen des jeweils g\u00fcltigen Kennzeichenrechts und den Besitzrechten der jeweiligen eingetragenen Eigent\u00fcmer. Allein aufgrund der blo\u00dfen Nennung ist nicht der Schluss zu ziehen, dass Markenzeichen nicht durch Rechte Dritter gesch\u00fctzt sind!<br \/>\nDas Copyright f\u00fcr das Online-Angebot der Universit\u00e4t, das mit dem oben genannten Impressum gekennzeichnet ist, bleibt allein bei der Universit\u00e4t. Eine Vervielf\u00e4ltigung oder Verwendung der auf diesen Seiten verwendeten Grafiken, Fotos, Tondokumente, Videosequenzen und Texte in anderen elektronischen oder gedruckten Publikationen ist ohne ausdr\u00fcckliche Zustimmung der Universit\u00e4t nicht gestattet.<br \/>\nUnber\u00fchrt davon bleibt das &#8222;Kopieren&#8220; der Dateien auf den eigenen Rechner, um sich die WWW-Seiten auf einem Browser anzuschauen. Ausgenommen sind ebenfalls die Pressemitteilungen der Universit\u00e4t. Sie sind dem Inhalt nach von jedermann frei und ohne besondere Genehmigung weiterverwendbar. Meldungen \u00fcber missbr\u00e4uchliche Nutzungen, die von Stationen aus dem IP-Namensbereich &#8218;uni-greifswald.de&#8216; ausgehen, senden Sie bitte an den Webmaster.<\/p>\n<p><strong>Rechtswirksamkeit dieses Haftungsausschusses<br \/>\n<\/strong>Dieser Haftungsausschluss ist als Teil des Internetangebotes zu betrachten. Sofern Teile oder einzelne Formulierungen dieses Textes der geltenden Rechtslage nicht, nicht mehr oder nicht vollst\u00e4ndig entsprechen sollten, bleiben die \u00fcbrigen Teile des Dokumentes in ihrem Inhalt und ihrer G\u00fcltigkeit davon unber\u00fchrt.<\/p>\n","protected":false},"excerpt":{"rendered":"<p>Herausgeberin Universit\u00e4t Greifswald Gesetzlich vertreten durch die Rektorin Prof. Dr. Katharina Riedel Postanschrift: 17487 Greifswald Hausanschrift: Domstra\u00dfe 11, Eingang 2 17489 Greifswald Telefon +49 3834 420 0 Telefax +49 3834 420 1105 rektorin(at)uni-greifswald(dot)de Umsatzsteuer-ID-Nummer: DE 137 584 813 Aufsichtsbeh\u00f6rde Ministerium f\u00fcr Wissenschaft, Kultur, Bundes- und Europaangelegenheiten Mecklenburg-Vorpommern Schlo\u00dfstra\u00dfe 6-8 19053 Schwerin Telefon: 0385 588-0 Telefax: &hellip; <a href=\"https:\/\/zerog.physik.uni-greifswald.de\/?page_id=11\" class=\"more-link\"><span class=\"screen-reader-text\">Impressum<\/span> weiterlesen <span class=\"meta-nav\">&rarr;<\/span><\/a><\/p>\n","protected":false},"author":1,"featured_media":0,"parent":0,"menu_order":6,"comment_status":"closed","ping_status":"closed","template":"","meta":{"footnotes":""},"class_list":["post-11","page","type-page","status-publish","hentry"],"_links":{"self":[{"href":"https:\/\/zerog.physik.uni-greifswald.de\/index.php?rest_route=\/wp\/v2\/pages\/11","targetHints":{"allow":["GET"]}}],"collection":[{"href":"https:\/\/zerog.physik.uni-greifswald.de\/index.php?rest_route=\/wp\/v2\/pages"}],"about":[{"href":"https:\/\/zerog.physik.uni-greifswald.de\/index.php?rest_route=\/wp\/v2\/types\/page"}],"author":[{"embeddable":true,"href":"https:\/\/zerog.physik.uni-greifswald.de\/index.php?rest_route=\/wp\/v2\/users\/1"}],"replies":[{"embeddable":true,"href":"https:\/\/zerog.physik.uni-greifswald.de\/index.php?rest_route=%2Fwp%2Fv2%2Fcomments&post=11"}],"version-history":[{"count":15,"href":"https:\/\/zerog.physik.uni-greifswald.de\/index.php?rest_route=\/wp\/v2\/pages\/11\/revisions"}],"predecessor-version":[{"id":1589,"href":"https:\/\/zerog.physik.uni-greifswald.de\/index.php?rest_route=\/wp\/v2\/pages\/11\/revisions\/1589"}],"wp:attachment":[{"href":"https:\/\/zerog.physik.uni-greifswald.de\/index.php?rest_route=%2Fwp%2Fv2%2Fmedia&parent=11"}],"curies":[{"name":"wp","href":"https:\/\/api.w.org\/{rel}","templated":true}]}}